{"id":3981,"date":"2018-06-27T16:16:24","date_gmt":"2018-06-27T16:16:24","guid":{"rendered":"http:\/\/www.voxmed.com.br\/voxmed\/?page_id=3981"},"modified":"2021-04-22T18:21:51","modified_gmt":"2021-04-22T18:21:51","slug":"garantia-de-qualidade","status":"publish","type":"page","link":"https:\/\/www.voxmed.com.br\/voxmed\/garantia-de-qualidade\/","title":{"rendered":"Garantia de Qualidade"},"content":{"rendered":"[et_pb_section fb_built=&#8221;1&#8243; _builder_version=&#8221;3.22&#8243;][et_pb_row _builder_version=&#8221;3.25&#8243; background_size=&#8221;initial&#8221; background_position=&#8221;top_left&#8221; background_repeat=&#8221;repeat&#8221; custom_padding=&#8221;||0px|||&#8221;][et_pb_column type=&#8221;4_4&#8243; _builder_version=&#8221;3.25&#8243; custom_padding=&#8221;|||&#8221; custom_padding__hover=&#8221;|||&#8221;][et_pb_post_title meta=&#8221;off&#8221; featured_image=&#8221;off&#8221; _builder_version=&#8221;4.4.8&#8243;][\/et_pb_post_title][et_pb_text _builder_version=&#8221;4.4.8&#8243; background_size=&#8221;initial&#8221; background_position=&#8221;top_left&#8221; background_repeat=&#8221;repeat&#8221; custom_padding=&#8221;||0px|||&#8221; inline_fonts=&#8221;Arial&#8221;]\n<p><span style=\"font-size: 12pt; font-family: Arial; font-weight: normal;\">Todos os textos revisados e traduzidos pela equipe da Voxmed s\u00e3o entregues com garantia de qualidade. <\/span><\/p>\n<p><span style=\"font-family: Arial; font-weight: normal;\"><span style=\"font-size: 12pt;\">N\u00f3s temos tanta certeza da qualidade do nosso trabalho que revisaremos seu manuscrito <strong>sem custo adicional <\/strong>se a qualidade do ingl\u00eas for questionada pela revista para a qual o manuscrito foi submetido. <\/span><span style=\"font-size: 12pt;\"><strong>Esta garantia se aplica somente a manuscritos revisados ou traduzidos por completo (folha de rosto, resumo, corpo principal, tabelas e figuras) e n\u00e3o modificados ap\u00f3s entregues ao cliente e estar\u00e1 automaticamente anulada se o manuscrito for submetido para publica\u00e7\u00e3o com modifica\u00e7\u00f5es n\u00e3o revisadas pela nossa equipe. <\/strong><\/span><\/span><\/p>\n<p><span style=\"font-family: Arial; font-weight: normal;\"><span style=\"font-size: 12pt;\">Verifique abaixo os cuidados necess\u00e1rios para que, ap\u00f3s entregue pela Voxmed, o seu manuscrito mantenha a garantia de qualidade:<\/span><\/span><\/p>\n<p><span style=\"font-size: 12pt;\"><\/span><\/p>\n<p><span style=\"font-size: 12pt;\"><\/span><\/p>\n[\/et_pb_text][\/et_pb_column][\/et_pb_row][et_pb_row column_structure=&#8221;1_3,2_3&#8243; _builder_version=&#8221;4.4.8&#8243; custom_margin=&#8221;-23px|auto||auto||&#8221; custom_padding=&#8221;||0px|||&#8221;][et_pb_column type=&#8221;1_3&#8243; _builder_version=&#8221;4.4.8&#8243; background_color=&#8221;rgba(131,175,175,0.94)&#8221; border_style_right=&#8221;dotted&#8221; box_shadow_style=&#8221;preset3&#8243;][et_pb_text _builder_version=&#8221;4.4.8&#8243; text_font=&#8221;ABeeZee|700||||on|||&#8221; text_text_color=&#8221;#ffffff&#8221; text_font_size=&#8221;11px&#8221; header_font=&#8221;ABeeZee||||||||&#8221; background_layout=&#8221;dark&#8221; min_height=&#8221;132px&#8221; custom_margin=&#8221;0px||0px||false|false&#8221; custom_padding=&#8221;14px||0px||false|false&#8221;]\n<h2 style=\"text-align: center;\"><\/h2>\n<h2 style=\"text-align: center;\">a garantia de qualidade permanecer\u00e1 mesmo ap\u00f3s mudan\u00e7as nestes itens \u2192<\/h2>\n[\/et_pb_text][\/et_pb_column][et_pb_column type=&#8221;2_3&#8243; _builder_version=&#8221;4.4.8&#8243;][et_pb_text _builder_version=&#8221;4.4.8&#8243; custom_padding=&#8221;||0px|||&#8221;]\n<ul>\n<li>Disposi\u00e7\u00e3o dos elementos visuais do documento que n\u00e3o modifiquem o texto, incluindo o tipo de letra, espa\u00e7amento das linhas, layout da p\u00e1gina e formata\u00e7\u00e3o de tabelas.<\/li>\n<li>Cabe\u00e7alhos, cujas mudan\u00e7as sigam as regras da revista para a qual o manuscrito ser\u00e1 submetido.<\/li>\n<li>Nomes dos autores, institui\u00e7\u00f5es ou informa\u00e7\u00f5es sobre o autor correspondente.<\/li>\n<li>Dados num\u00e9ricos.<\/li>\n<li>Refer\u00eancias citadas no texto (incluindo formata\u00e7\u00e3o) e na bibliografia.<\/li>\n<\/ul>\n[\/et_pb_text][\/et_pb_column][\/et_pb_row][et_pb_row column_structure=&#8221;1_3,2_3&#8243; _builder_version=&#8221;4.4.8&#8243; min_height=&#8221;151px&#8221; custom_margin=&#8221;-20px|auto||auto||&#8221; custom_padding=&#8221;29px||3px|||&#8221;][et_pb_column type=&#8221;1_3&#8243; _builder_version=&#8221;4.4.8&#8243; background_color=&#8221;#4f929b&#8221; box_shadow_style=&#8221;preset3&#8243;][et_pb_text _builder_version=&#8221;4.8.2&#8243; text_font=&#8221;ABeeZee|||||on|||&#8221; text_text_color=&#8221;#ffffff&#8221; text_font_size=&#8221;11px&#8221; background_layout=&#8221;dark&#8221; min_height=&#8221;132px&#8221; custom_padding=&#8221;6px||5px||false|false&#8221; hover_enabled=&#8221;0&#8243; sticky_enabled=&#8221;0&#8243;]\n<h2 style=\"text-align: center;\"><\/h2>\n<h2 style=\"text-align: center;\"><\/h2>\n<h2 style=\"text-align: center;\"><span style=\"font-size: 23px; text-align: left;\">a garantia de qualidade ser\u00e1 anulada por uma ou mais <\/span><span style=\"font-size: 23px; text-align: left;\">mudan\u00e7as nestes itens \u2192<\/span><\/h2>\n[\/et_pb_text][\/et_pb_column][et_pb_column type=&#8221;2_3&#8243; _builder_version=&#8221;4.4.8&#8243;][et_pb_text _builder_version=&#8221;4.4.8&#8243; custom_padding=&#8221;17px|||||&#8221;]\n<ul>\n<li>Qualquer modifica\u00e7\u00e3o no manuscrito que n\u00e3o esteja identificada nas exce\u00e7\u00f5es acima, como remo\u00e7\u00e3o, inser\u00e7\u00e3o ou reposicionamento de palavras, segmentos de texto, conte\u00fado ou legendas de tabelas e figuras, al\u00e9m de mudan\u00e7as na pontua\u00e7\u00e3o, no t\u00edtulo resumido e no t\u00edtulo principal.\u00a0<\/li>\n<\/ul>\n<p>&nbsp;<\/p>\n[\/et_pb_text][\/et_pb_column][\/et_pb_row][et_pb_row column_structure=&#8221;1_3,2_3&#8243; _builder_version=&#8221;4.4.8&#8243; custom_padding=&#8221;||0px|||&#8221;][et_pb_column type=&#8221;1_3&#8243; _builder_version=&#8221;4.4.8&#8243; background_color=&#8221;rgba(9,117,113,0.88)&#8221; box_shadow_style=&#8221;preset3&#8243;][et_pb_text _builder_version=&#8221;4.4.8&#8243; text_font=&#8221;ABeeZee|||||on|||&#8221; text_text_color=&#8221;#ffffff&#8221; text_font_size=&#8221;11px&#8221; background_layout=&#8221;dark&#8221; min_height=&#8221;132px&#8221; custom_padding=&#8221;5px||0px||false|false&#8221;]\n<h2 style=\"text-align: center;\"><\/h2>\n<h2 style=\"text-align: center;\"><\/h2>\n<h2 style=\"text-align: center;\"><span>para solicitar uma revis\u00e3o,\u00a0<\/span><span>s\u00e3o\u00a0<\/span><span>necess\u00e1rios\u00a0<\/span><span><\/span><span>estes documentos<\/span>\u2192<\/h2>\n[\/et_pb_text][\/et_pb_column][et_pb_column type=&#8221;2_3&#8243; _builder_version=&#8221;4.4.8&#8243;][et_pb_text _builder_version=&#8221;4.4.8&#8243; min_height=&#8221;125px&#8221; custom_padding=&#8221;14px|||||&#8221;]\n<div class=\"et_pb_text_inner\">\n<div data-shortcode-id=\"0.0.0.0-1598978209769\" data-quickaccess-editable=\"yes\" class=\"et-fb-popover-tinymce\">\n<div class=\"mce-content-body\" contenteditable=\"true\">\n<ul>\n<li><span>E-mail enviado pela revista identificando a necessidade de revis\u00e3o do ingl\u00eas.<\/span><\/li>\n<li><span>A vers\u00e3o do manuscrito (em .docx ou .doc) submetida \u00e0 publica\u00e7\u00e3o para compara\u00e7\u00e3o com a vers\u00e3o entregue ao cliente.<\/span><\/li>\n<li><span>Arquivo (em .pdf) gerado pelo sistema \u00e0 submiss\u00e3o.<\/span><\/li>\n<\/ul>\n<\/div>\n<\/div>\n<\/div>\n<p>&nbsp;<\/p>\n[\/et_pb_text][\/et_pb_column][\/et_pb_row][et_pb_row _builder_version=&#8221;3.25&#8243; background_size=&#8221;initial&#8221; background_position=&#8221;top_left&#8221; background_repeat=&#8221;repeat&#8221; custom_padding=&#8221;||0px|||&#8221;][et_pb_column type=&#8221;4_4&#8243; _builder_version=&#8221;3.25&#8243; custom_padding=&#8221;|||&#8221; custom_padding__hover=&#8221;|||&#8221;][et_pb_text _builder_version=&#8221;4.4.8&#8243; background_size=&#8221;initial&#8221; background_position=&#8221;top_left&#8221; background_repeat=&#8221;repeat&#8221; custom_padding=&#8221;||0px|||&#8221; inline_fonts=&#8221;Arial&#8221;]\n<p><span style=\"font-size: 12pt; font-family: Arial; font-weight: normal;\">Ap\u00f3s recebermos os documentos necess\u00e1rios, o manuscrito ser\u00e1 revisado por um editor n\u00e3o envolvido inicialmente na revis\u00e3o\/tradu\u00e7\u00e3o do texto e ser\u00e1 entregue dentro de 10 dias \u00fateis. <\/span><\/p>\n<p><span style=\"font-size: 12pt;\"><\/span><\/p>\n<p><span style=\"font-size: 12pt;\"><\/span><\/p>\n[\/et_pb_text][\/et_pb_column][\/et_pb_row][\/et_pb_section]\n","protected":false},"excerpt":{"rendered":"<p>Todos os textos revisados e traduzidos pela equipe da Voxmed s\u00e3o entregues com garantia de qualidade. N\u00f3s temos tanta certeza da qualidade do nosso trabalho que revisaremos seu manuscrito sem custo adicional se a qualidade do ingl\u00eas for questionada pela revista para a qual o manuscrito foi submetido. Esta garantia se aplica somente a manuscritos [&hellip;]<\/p>\n","protected":false},"author":1,"featured_media":0,"parent":0,"menu_order":0,"comment_status":"closed","ping_status":"closed","template":"","meta":{"_et_pb_use_builder":"on","_et_pb_old_content":"<span style=\"font-size: 12pt;\">Todos os textos revisados e traduzidos pela equipe da Voxmed s\u00e3o entregues com garantia de qualidade. <\/span>\n\n<span style=\"font-size: 12pt;\">N\u00f3s temos tanta certeza da qualidade do nosso trabalho que revisaremos seu manuscrito <strong>sem custo adicional <\/strong>se a qualidade do ingl\u00eas for questionada pela revista para a qual o manuscrito foi submetido. <\/span><span style=\"font-size: 12pt;\"><strong>Por\u00e9m, esta garantia se aplica somente a textos n\u00e3o modificados ap\u00f3s entregues ao cliente e estar\u00e1 automaticamente anulada se o manuscrito for submetido para publica\u00e7\u00e3o com modifica\u00e7\u00f5es n\u00e3o aprovadas pela nossa equipe.\u00a0<\/strong><\/span>\n\n<span style=\"font-size: 12pt;\">Para solicitar a revis\u00e3o, s\u00e3o necess\u00e1rios:<\/span>\n\n<span style=\"font-size: 12pt;\">(1) O e-mail enviado pela revista identificando a necessidade de revis\u00e3o do ingl\u00eas;<\/span>\n\n<span style=\"font-size: 12pt;\">(2) A vers\u00e3o do manuscrito (em .docx ou .doc) submetida \u00e0 publica\u00e7\u00e3o para compara\u00e7\u00e3o com a vers\u00e3o entregue ao cliente;<\/span>\n\n<span style=\"font-size: 12pt;\">(3) O arquivo (em .pdf) gerado pelo sistema \u00e0 submiss\u00e3o.<\/span>\n\n<span style=\"font-size: 12pt;\">Ap\u00f3s recebimento dos itens acima, o manuscrito ser\u00e1 revisado por um editor n\u00e3o envolvido inicialmente na revis\u00e3o\/tradu\u00e7\u00e3o do texto e ser\u00e1 entregue dentro de um per\u00edodo de 10 dias. N\u00f3s entendemos que o prazo imposto por algumas revistas para re-submiss\u00e3o possa ser bastante curto e faremos o poss\u00edvel para entregar o texto revisado dentro do prazo solicitado pelo cliente.<\/span>","_et_gb_content_width":"","footnotes":""},"class_list":["post-3981","page","type-page","status-publish","hentry"],"yoast_head":"<!-- This site is optimized with the Yoast SEO plugin v27.4 - https:\/\/yoast.com\/product\/yoast-seo-wordpress\/ -->\n<title>Voxmed<\/title>\n<meta name=\"robots\" content=\"index, follow, max-snippet:-1, max-image-preview:large, max-video-preview:-1\" \/>\n<link rel=\"canonical\" href=\"https:\/\/www.voxmed.com.br\/voxmed\/garantia-de-qualidade\/\" \/>\n<meta property=\"og:locale\" content=\"pt_BR\" \/>\n<meta property=\"og:type\" content=\"article\" \/>\n<meta property=\"og:title\" content=\"Voxmed\" \/>\n<meta property=\"og:description\" content=\"Todos os textos revisados e traduzidos pela equipe da Voxmed s\u00e3o entregues com garantia de qualidade. N\u00f3s temos tanta certeza da qualidade do nosso trabalho que revisaremos seu manuscrito sem custo adicional se a qualidade do ingl\u00eas for questionada pela revista para a qual o manuscrito foi submetido. Esta garantia se aplica somente a manuscritos [&hellip;]\" \/>\n<meta property=\"og:url\" content=\"https:\/\/www.voxmed.com.br\/voxmed\/garantia-de-qualidade\/\" \/>\n<meta property=\"og:site_name\" content=\"Voxmed\" \/>\n<meta property=\"article:modified_time\" content=\"2021-04-22T18:21:51+00:00\" \/>\n<meta name=\"twitter:label1\" content=\"Est. tempo de leitura\" \/>\n\t<meta name=\"twitter:data1\" content=\"4 minutos\" \/>\n<script type=\"application\/ld+json\" class=\"yoast-schema-graph\">{\"@context\":\"https:\\\/\\\/schema.org\",\"@graph\":[{\"@type\":\"WebPage\",\"@id\":\"https:\\\/\\\/www.voxmed.com.br\\\/voxmed\\\/garantia-de-qualidade\\\/\",\"url\":\"https:\\\/\\\/www.voxmed.com.br\\\/voxmed\\\/garantia-de-qualidade\\\/\",\"name\":\"Voxmed\",\"isPartOf\":{\"@id\":\"https:\\\/\\\/www.voxmed.com.br\\\/voxmed\\\/#website\"},\"datePublished\":\"2018-06-27T16:16:24+00:00\",\"dateModified\":\"2021-04-22T18:21:51+00:00\",\"breadcrumb\":{\"@id\":\"https:\\\/\\\/www.voxmed.com.br\\\/voxmed\\\/garantia-de-qualidade\\\/#breadcrumb\"},\"inLanguage\":\"pt-BR\",\"potentialAction\":[{\"@type\":\"ReadAction\",\"target\":[\"https:\\\/\\\/www.voxmed.com.br\\\/voxmed\\\/garantia-de-qualidade\\\/\"]}]},{\"@type\":\"BreadcrumbList\",\"@id\":\"https:\\\/\\\/www.voxmed.com.br\\\/voxmed\\\/garantia-de-qualidade\\\/#breadcrumb\",\"itemListElement\":[{\"@type\":\"ListItem\",\"position\":1,\"name\":\"Home\",\"item\":\"https:\\\/\\\/www.voxmed.com.br\\\/voxmed\\\/\"},{\"@type\":\"ListItem\",\"position\":2,\"name\":\"Garantia de Qualidade\"}]},{\"@type\":\"WebSite\",\"@id\":\"https:\\\/\\\/www.voxmed.com.br\\\/voxmed\\\/#website\",\"url\":\"https:\\\/\\\/www.voxmed.com.br\\\/voxmed\\\/\",\"name\":\"Voxmed\",\"description\":\"Clear medical communications to help move science forward\",\"potentialAction\":[{\"@type\":\"SearchAction\",\"target\":{\"@type\":\"EntryPoint\",\"urlTemplate\":\"https:\\\/\\\/www.voxmed.com.br\\\/voxmed\\\/?s={search_term_string}\"},\"query-input\":{\"@type\":\"PropertyValueSpecification\",\"valueRequired\":true,\"valueName\":\"search_term_string\"}}],\"inLanguage\":\"pt-BR\"}]}<\/script>\n<!-- \/ Yoast SEO plugin. -->","yoast_head_json":{"title":"Voxmed","robots":{"index":"index","follow":"follow","max-snippet":"max-snippet:-1","max-image-preview":"max-image-preview:large","max-video-preview":"max-video-preview:-1"},"canonical":"https:\/\/www.voxmed.com.br\/voxmed\/garantia-de-qualidade\/","og_locale":"pt_BR","og_type":"article","og_title":"Voxmed","og_description":"Todos os textos revisados e traduzidos pela equipe da Voxmed s\u00e3o entregues com garantia de qualidade. N\u00f3s temos tanta certeza da qualidade do nosso trabalho que revisaremos seu manuscrito sem custo adicional se a qualidade do ingl\u00eas for questionada pela revista para a qual o manuscrito foi submetido. Esta garantia se aplica somente a manuscritos [&hellip;]","og_url":"https:\/\/www.voxmed.com.br\/voxmed\/garantia-de-qualidade\/","og_site_name":"Voxmed","article_modified_time":"2021-04-22T18:21:51+00:00","twitter_misc":{"Est. tempo de leitura":"4 minutos"},"schema":{"@context":"https:\/\/schema.org","@graph":[{"@type":"WebPage","@id":"https:\/\/www.voxmed.com.br\/voxmed\/garantia-de-qualidade\/","url":"https:\/\/www.voxmed.com.br\/voxmed\/garantia-de-qualidade\/","name":"Voxmed","isPartOf":{"@id":"https:\/\/www.voxmed.com.br\/voxmed\/#website"},"datePublished":"2018-06-27T16:16:24+00:00","dateModified":"2021-04-22T18:21:51+00:00","breadcrumb":{"@id":"https:\/\/www.voxmed.com.br\/voxmed\/garantia-de-qualidade\/#breadcrumb"},"inLanguage":"pt-BR","potentialAction":[{"@type":"ReadAction","target":["https:\/\/www.voxmed.com.br\/voxmed\/garantia-de-qualidade\/"]}]},{"@type":"BreadcrumbList","@id":"https:\/\/www.voxmed.com.br\/voxmed\/garantia-de-qualidade\/#breadcrumb","itemListElement":[{"@type":"ListItem","position":1,"name":"Home","item":"https:\/\/www.voxmed.com.br\/voxmed\/"},{"@type":"ListItem","position":2,"name":"Garantia de Qualidade"}]},{"@type":"WebSite","@id":"https:\/\/www.voxmed.com.br\/voxmed\/#website","url":"https:\/\/www.voxmed.com.br\/voxmed\/","name":"Voxmed","description":"Clear medical communications to help move science forward","potentialAction":[{"@type":"SearchAction","target":{"@type":"EntryPoint","urlTemplate":"https:\/\/www.voxmed.com.br\/voxmed\/?s={search_term_string}"},"query-input":{"@type":"PropertyValueSpecification","valueRequired":true,"valueName":"search_term_string"}}],"inLanguage":"pt-BR"}]}},"_links":{"self":[{"href":"https:\/\/www.voxmed.com.br\/voxmed\/wp-json\/wp\/v2\/pages\/3981","targetHints":{"allow":["GET"]}}],"collection":[{"href":"https:\/\/www.voxmed.com.br\/voxmed\/wp-json\/wp\/v2\/pages"}],"about":[{"href":"https:\/\/www.voxmed.com.br\/voxmed\/wp-json\/wp\/v2\/types\/page"}],"author":[{"embeddable":true,"href":"https:\/\/www.voxmed.com.br\/voxmed\/wp-json\/wp\/v2\/users\/1"}],"replies":[{"embeddable":true,"href":"https:\/\/www.voxmed.com.br\/voxmed\/wp-json\/wp\/v2\/comments?post=3981"}],"version-history":[{"count":33,"href":"https:\/\/www.voxmed.com.br\/voxmed\/wp-json\/wp\/v2\/pages\/3981\/revisions"}],"predecessor-version":[{"id":5765,"href":"https:\/\/www.voxmed.com.br\/voxmed\/wp-json\/wp\/v2\/pages\/3981\/revisions\/5765"}],"wp:attachment":[{"href":"https:\/\/www.voxmed.com.br\/voxmed\/wp-json\/wp\/v2\/media?parent=3981"}],"curies":[{"name":"wp","href":"https:\/\/api.w.org\/{rel}","templated":true}]}}