{"id":4788,"date":"2020-02-05T20:34:59","date_gmt":"2020-02-05T20:34:59","guid":{"rendered":"https:\/\/www.voxmed.com.br\/voxmed\/?page_id=4788"},"modified":"2020-02-05T20:57:04","modified_gmt":"2020-02-05T20:57:04","slug":"faq","status":"publish","type":"page","link":"https:\/\/www.voxmed.com.br\/voxmed\/faq\/","title":{"rendered":"FAQ"},"content":{"rendered":"\n<h4><strong>Pagamento<\/strong><\/h4>\n<expand class=\"collapseomatic \" id=\"id69ea161f86d23\"  tabindex=\"0\" title=\"&lt;strong&gt;\u00c9 poss\u00edvel fazer o pagamento em reais?&lt;\/strong&gt;\"    ><strong>\u00c9 poss\u00edvel fazer o pagamento em reais?<\/strong><\/expand><div id=\"target-id69ea161f86d23\" class=\"collapseomatic_content \">\n<p>N\u00e3o. A Voxmed \u00e9 uma empresa registrada nos Estados Unidos (estado de Massachusetts). Devido \u00e0s leis do pa\u00eds, n\u00e3o podemos receber pagamentos em outras moedas al\u00e9m do d\u00f3lar americano.\u00a0<\/p>\n<\/div>\n<p>\u00a0<\/p>\n<expand class=\"collapseomatic \" id=\"id69ea161f86db2\"  tabindex=\"0\" title=\"&lt;strong&gt;O pagamento deve ser feito antes ou ap\u00f3s o in\u00edcio do trabalho?&lt;\/strong&gt;\"    ><strong>O pagamento deve ser feito antes ou ap\u00f3s o in\u00edcio do trabalho?<\/strong><\/expand><div id=\"target-id69ea161f86db2\" class=\"collapseomatic_content \">\n<p>Antes. Ap\u00f3s recebimento da confirma\u00e7\u00e3o do pagamento, daremos abertura ao trabalho.\u00a0<\/p>\n<\/div>\n<p>\u00a0<\/p>\n<h4><strong>Garantias<\/strong><\/h4>\n<expand class=\"collapseomatic \" id=\"id69ea161f86ddd\"  tabindex=\"0\" title=\"&lt;strong&gt;Qual a garantia de que o ingl\u00eas estar\u00e1 correto ap\u00f3s revis\u00e3o\/tradu\u00e7\u00e3o pela Voxmed?&lt;\/strong&gt;\"    ><strong>Qual a garantia de que o ingl\u00eas estar\u00e1 correto ap\u00f3s revis\u00e3o\/tradu\u00e7\u00e3o pela Voxmed?<\/strong><\/expand><div id=\"target-id69ea161f86ddd\" class=\"collapseomatic_content \"> O ingl\u00eas \u00e9 o primeiro idioma de todos os tradutores e revisores de tempo integral na Voxmed. N\u00f3s temos tanta certeza da qualidade do nosso trabalho que oferecemos garantia de qualidade do ingl\u00eas a todos os manuscritos revisados ou traduzidos pela nossa equipe.\u00a0 Para mais informa\u00e7\u00f5es sobre a garantia, <a href=\"https:\/\/www.voxmed.com.br\/voxmed\/garantia-de-qualidade\/\" target=\"_blank\" rel=\"noopener noreferrer\">clique aqui<\/a>. <\/div>\n<p>\u00a0<\/p>\n<expand class=\"collapseomatic \" id=\"id69ea161f86e00\"  tabindex=\"0\" title=\"&lt;strong&gt;Eu terei garantia de que o meu manuscrito ser\u00e1 aceito para publica\u00e7\u00e3o depois de revisado ou traduzido pela Voxmed?&lt;\/strong&gt;\"    ><strong>Eu terei garantia de que o meu manuscrito ser\u00e1 aceito para publica\u00e7\u00e3o depois de revisado ou traduzido pela Voxmed?<\/strong><\/expand><div id=\"target-id69ea161f86e00\" class=\"collapseomatic_content \"> A Voxmed n\u00e3o pode garantir a publica\u00e7\u00e3o de nenhum manuscrito. Por\u00e9m, ao revisarmos ou traduzirmos seu manuscrito, cuidaremos para que as informa\u00e7\u00f5es sejam transmitidas claramente, o que aumentar\u00e1 substancialmente as chances de publica\u00e7\u00e3o. <\/div>\n<p>\u00a0<\/p>\n<h4><strong>Mudan\u00e7as ap\u00f3s entrega<\/strong><\/h4>\n<expand class=\"collapseomatic \" id=\"id69ea161f86e20\"  tabindex=\"0\" title=\"&lt;strong&gt;Eu mudei o texto depois de entregue pela Voxmed. Voc\u00eas cobram para revisar ou traduzir as mudan\u00e7as?&lt;\/strong&gt;\"    ><strong>Eu mudei o texto depois de entregue pela Voxmed. Voc\u00eas cobram para revisar ou traduzir as mudan\u00e7as?<\/strong><\/expand><div id=\"target-id69ea161f86e20\" class=\"collapseomatic_content \"> Depende. Se o texto foi revisado ou traduzido pela nossa equipe h\u00e1 menos de 3 meses e as mudan\u00e7as n\u00e3o excedem 1% do n\u00famero de palavras no texto entregue, n\u00f3s oferecemos uma \u00fanica revis\u00e3o\/tradu\u00e7\u00e3o de cortesia. Se o n\u00famero de palavras excede 1% ou o prazo da entrega for maior do que 3 meses, a revis\u00e3o\/tradu\u00e7\u00e3o implicar\u00e1 em um novo trabalho. <\/div>\n<p>\u00a0<\/p>\n<expand class=\"collapseomatic \" id=\"id69ea161f86e3e\"  tabindex=\"0\" title=\"&lt;strong&gt;Eu tenho uma d\u00favida na revis\u00e3o\/tradu\u00e7\u00e3o. Posso pedir esclarecimento para a Voxmed?&lt;\/strong&gt;\"    ><strong>Eu tenho uma d\u00favida na revis\u00e3o\/tradu\u00e7\u00e3o. Posso pedir esclarecimento para a Voxmed?<\/strong><\/expand><div id=\"target-id69ea161f86e3e\" class=\"collapseomatic_content \"> Certamente! \u00c9 muito importante que todos os nossos clientes estejam 100% satisfeitos com nosso trabalho. N\u00f3s esclarecemos todas as d\u00favidas prontamente ap\u00f3s entrega do texto e, sempre que poss\u00edvel e correto, procuramos acomodar as prefer\u00eancias do cliente em assuntos referentes \u00e0 linguagem. <\/div>\n<p>\u00a0<\/p>\n<p>\u00a0<\/p>\n","protected":false},"excerpt":{"rendered":"<p>Pagamento \u00a0 \u00a0 Garantias \u00a0 \u00a0 Mudan\u00e7as ap\u00f3s entrega \u00a0 \u00a0 \u00a0 \u00a0<\/p>\n","protected":false},"author":1,"featured_media":0,"parent":0,"menu_order":0,"comment_status":"closed","ping_status":"closed","template":"","meta":{"_et_pb_use_builder":"","_et_pb_old_content":"","_et_gb_content_width":"","footnotes":""},"class_list":["post-4788","page","type-page","status-publish","hentry"],"yoast_head":"<!-- This site is optimized with the Yoast SEO plugin v27.4 - https:\/\/yoast.com\/product\/yoast-seo-wordpress\/ -->\n<title>Voxmed<\/title>\n<meta name=\"robots\" content=\"index, follow, max-snippet:-1, max-image-preview:large, max-video-preview:-1\" \/>\n<link rel=\"canonical\" href=\"https:\/\/www.voxmed.com.br\/voxmed\/faq\/\" \/>\n<meta property=\"og:locale\" content=\"pt_BR\" \/>\n<meta property=\"og:type\" content=\"article\" \/>\n<meta property=\"og:title\" content=\"Voxmed\" \/>\n<meta property=\"og:description\" content=\"Pagamento \u00a0 \u00a0 Garantias \u00a0 \u00a0 Mudan\u00e7as ap\u00f3s entrega \u00a0 \u00a0 \u00a0 \u00a0\" \/>\n<meta property=\"og:url\" content=\"https:\/\/www.voxmed.com.br\/voxmed\/faq\/\" \/>\n<meta property=\"og:site_name\" content=\"Voxmed\" \/>\n<meta property=\"article:modified_time\" content=\"2020-02-05T20:57:04+00:00\" \/>\n<meta name=\"twitter:label1\" content=\"Est. tempo de leitura\" \/>\n\t<meta name=\"twitter:data1\" content=\"2 minutos\" \/>\n<script type=\"application\/ld+json\" class=\"yoast-schema-graph\">{\"@context\":\"https:\\\/\\\/schema.org\",\"@graph\":[{\"@type\":\"WebPage\",\"@id\":\"https:\\\/\\\/www.voxmed.com.br\\\/voxmed\\\/faq\\\/\",\"url\":\"https:\\\/\\\/www.voxmed.com.br\\\/voxmed\\\/faq\\\/\",\"name\":\"Voxmed\",\"isPartOf\":{\"@id\":\"https:\\\/\\\/www.voxmed.com.br\\\/voxmed\\\/#website\"},\"datePublished\":\"2020-02-05T20:34:59+00:00\",\"dateModified\":\"2020-02-05T20:57:04+00:00\",\"breadcrumb\":{\"@id\":\"https:\\\/\\\/www.voxmed.com.br\\\/voxmed\\\/faq\\\/#breadcrumb\"},\"inLanguage\":\"pt-BR\",\"potentialAction\":[{\"@type\":\"ReadAction\",\"target\":[\"https:\\\/\\\/www.voxmed.com.br\\\/voxmed\\\/faq\\\/\"]}]},{\"@type\":\"BreadcrumbList\",\"@id\":\"https:\\\/\\\/www.voxmed.com.br\\\/voxmed\\\/faq\\\/#breadcrumb\",\"itemListElement\":[{\"@type\":\"ListItem\",\"position\":1,\"name\":\"Home\",\"item\":\"https:\\\/\\\/www.voxmed.com.br\\\/voxmed\\\/\"},{\"@type\":\"ListItem\",\"position\":2,\"name\":\"FAQ\"}]},{\"@type\":\"WebSite\",\"@id\":\"https:\\\/\\\/www.voxmed.com.br\\\/voxmed\\\/#website\",\"url\":\"https:\\\/\\\/www.voxmed.com.br\\\/voxmed\\\/\",\"name\":\"Voxmed\",\"description\":\"Clear medical communications to help move science forward\",\"potentialAction\":[{\"@type\":\"SearchAction\",\"target\":{\"@type\":\"EntryPoint\",\"urlTemplate\":\"https:\\\/\\\/www.voxmed.com.br\\\/voxmed\\\/?s={search_term_string}\"},\"query-input\":{\"@type\":\"PropertyValueSpecification\",\"valueRequired\":true,\"valueName\":\"search_term_string\"}}],\"inLanguage\":\"pt-BR\"}]}<\/script>\n<!-- \/ Yoast SEO plugin. -->","yoast_head_json":{"title":"Voxmed","robots":{"index":"index","follow":"follow","max-snippet":"max-snippet:-1","max-image-preview":"max-image-preview:large","max-video-preview":"max-video-preview:-1"},"canonical":"https:\/\/www.voxmed.com.br\/voxmed\/faq\/","og_locale":"pt_BR","og_type":"article","og_title":"Voxmed","og_description":"Pagamento \u00a0 \u00a0 Garantias \u00a0 \u00a0 Mudan\u00e7as ap\u00f3s entrega \u00a0 \u00a0 \u00a0 \u00a0","og_url":"https:\/\/www.voxmed.com.br\/voxmed\/faq\/","og_site_name":"Voxmed","article_modified_time":"2020-02-05T20:57:04+00:00","twitter_misc":{"Est. tempo de leitura":"2 minutos"},"schema":{"@context":"https:\/\/schema.org","@graph":[{"@type":"WebPage","@id":"https:\/\/www.voxmed.com.br\/voxmed\/faq\/","url":"https:\/\/www.voxmed.com.br\/voxmed\/faq\/","name":"Voxmed","isPartOf":{"@id":"https:\/\/www.voxmed.com.br\/voxmed\/#website"},"datePublished":"2020-02-05T20:34:59+00:00","dateModified":"2020-02-05T20:57:04+00:00","breadcrumb":{"@id":"https:\/\/www.voxmed.com.br\/voxmed\/faq\/#breadcrumb"},"inLanguage":"pt-BR","potentialAction":[{"@type":"ReadAction","target":["https:\/\/www.voxmed.com.br\/voxmed\/faq\/"]}]},{"@type":"BreadcrumbList","@id":"https:\/\/www.voxmed.com.br\/voxmed\/faq\/#breadcrumb","itemListElement":[{"@type":"ListItem","position":1,"name":"Home","item":"https:\/\/www.voxmed.com.br\/voxmed\/"},{"@type":"ListItem","position":2,"name":"FAQ"}]},{"@type":"WebSite","@id":"https:\/\/www.voxmed.com.br\/voxmed\/#website","url":"https:\/\/www.voxmed.com.br\/voxmed\/","name":"Voxmed","description":"Clear medical communications to help move science forward","potentialAction":[{"@type":"SearchAction","target":{"@type":"EntryPoint","urlTemplate":"https:\/\/www.voxmed.com.br\/voxmed\/?s={search_term_string}"},"query-input":{"@type":"PropertyValueSpecification","valueRequired":true,"valueName":"search_term_string"}}],"inLanguage":"pt-BR"}]}},"_links":{"self":[{"href":"https:\/\/www.voxmed.com.br\/voxmed\/wp-json\/wp\/v2\/pages\/4788","targetHints":{"allow":["GET"]}}],"collection":[{"href":"https:\/\/www.voxmed.com.br\/voxmed\/wp-json\/wp\/v2\/pages"}],"about":[{"href":"https:\/\/www.voxmed.com.br\/voxmed\/wp-json\/wp\/v2\/types\/page"}],"author":[{"embeddable":true,"href":"https:\/\/www.voxmed.com.br\/voxmed\/wp-json\/wp\/v2\/users\/1"}],"replies":[{"embeddable":true,"href":"https:\/\/www.voxmed.com.br\/voxmed\/wp-json\/wp\/v2\/comments?post=4788"}],"version-history":[{"count":13,"href":"https:\/\/www.voxmed.com.br\/voxmed\/wp-json\/wp\/v2\/pages\/4788\/revisions"}],"predecessor-version":[{"id":4806,"href":"https:\/\/www.voxmed.com.br\/voxmed\/wp-json\/wp\/v2\/pages\/4788\/revisions\/4806"}],"wp:attachment":[{"href":"https:\/\/www.voxmed.com.br\/voxmed\/wp-json\/wp\/v2\/media?parent=4788"}],"curies":[{"name":"wp","href":"https:\/\/api.w.org\/{rel}","templated":true}]}}