{"id":4873,"date":"2020-02-24T19:46:53","date_gmt":"2020-02-24T19:46:53","guid":{"rendered":"https:\/\/www.voxmed.com.br\/voxmed\/?page_id=4873"},"modified":"2022-02-04T02:05:32","modified_gmt":"2022-02-04T02:05:32","slug":"4873-2","status":"publish","type":"page","link":"https:\/\/www.voxmed.com.br\/voxmed\/","title":{"rendered":""},"content":{"rendered":"[et_pb_section fb_built=&#8221;1&#8243; _builder_version=&#8221;4.3.2&#8243; custom_padding=&#8221;9px||33px|||&#8221; top_divider_color=&#8221;rgba(138,166,173,0.55)&#8221; global_colors_info=&#8221;{}&#8221;][et_pb_row _builder_version=&#8221;4.4.8&#8243; min_height=&#8221;408px&#8221; custom_margin=&#8221;12px|auto|-56px|auto||&#8221; custom_padding=&#8221;6px||0px|||&#8221; border_color_all=&#8221;#d6d6d6&#8243; box_shadow_style=&#8221;preset3&#8243; global_colors_info=&#8221;{}&#8221;][et_pb_column type=&#8221;4_4&#8243; _builder_version=&#8221;4.3.2&#8243; global_colors_info=&#8221;{}&#8221;][et_pb_slider use_bg_overlay=&#8221;off&#8221; _builder_version=&#8221;4.14.7&#8243; body_font=&#8221;||||||||&#8221; body_text_color=&#8221;#9e9e9e&#8221; background_enable_image=&#8221;off&#8221; custom_button=&#8221;on&#8221; button_text_color=&#8221;#ffffff&#8221; button_bg_color=&#8221;#003144&#8243; button_border_color=&#8221;#003144&#8243; button_border_radius=&#8221;100px&#8221; button_icon=&#8221;&#x35;||divi||400&#8243; button_icon_color=&#8221;#ffffff&#8221; min_height=&#8221;408px&#8221; custom_margin=&#8221;-6px|||||&#8221; custom_padding=&#8221;85px||209px||false|false&#8221; auto=&#8221;on&#8221; link_option_url=&#8221;https:\/\/www.voxmed.com.br\/voxmed\/1967-2\/&#8221; hover_enabled=&#8221;0&#8243; body_font_last_edited=&#8221;off|desktop&#8221; global_colors_info=&#8221;{}&#8221; sticky_enabled=&#8221;0&#8243;][et_pb_slide heading=&#8221;Apoiando&#8221; button_text=&#8221;Saiba mais&#8221; button_link=&#8221;https:\/\/www.voxmed.com.br\/voxmed\/1967-2&#8243; image=&#8221;https:\/\/www.voxmed.com.br\/voxmed\/wp-content\/uploads\/2020\/06\/Revis\u00e3o-do-ingl\u00eas-e-tradu\u00e7\u00e3o-de-artigos-m\u00e9dicos-3.png&#8221; use_bg_overlay=&#8221;on&#8221; _builder_version=&#8221;4.13.0&#8243; header_font=&#8221;Montserrat|300|||||||&#8221; header_text_align=&#8221;center&#8221; header_text_color=&#8221;#ffffff&#8221; header_font_size=&#8221;24px&#8221; body_font=&#8221;Montserrat||||||||&#8221; body_text_align=&#8221;center&#8221; body_text_color=&#8221;#ffffff&#8221; background_color=&#8221;#a1bfcc&#8221; background_enable_color=&#8221;on&#8221; background_enable_image=&#8221;off&#8221; button_text_size=&#8221;17px&#8221; button_text_color=&#8221;#4e90a2&#8243; button_bg_color=&#8221;#ffffff&#8221; button_border_color=&#8221;#ffffff&#8221; button_border_radius=&#8221;0px&#8221; button_letter_spacing=&#8221;0px&#8221; button_font=&#8221;Montserrat||||||||&#8221; button_use_icon=&#8221;on&#8221; button_icon=&#8221;&#x39;||divi||400&#8243; button_alignment=&#8221;center&#8221; width=&#8221;100%&#8221; custom_padding=&#8221;0px||0px||false|false&#8221; filter_saturate=&#8221;133%&#8221; button_text_shadow_style=&#8221;preset1&#8243; button_text_shadow_color=&#8221;rgba(255,255,255,0.4)&#8221; box_shadow_style_image=&#8221;preset3&#8243; box_shadow_style_button=&#8221;preset3&#8243; global_colors_info=&#8221;{}&#8221; sticky_transition=&#8221;on&#8221;]\n<h2>pesquisadores de sucesso<\/h2>\n<p>desde 2008<\/p>\n[\/et_pb_slide][et_pb_slide heading=&#8221;Do planejamento \u00e0 submiss\u00e3o&#8221; button_text=&#8221;Saiba mais&#8221; button_link=&#8221;https:\/\/www.voxmed.com.br\/voxmed\/1967-2&#8243; image=&#8221;https:\/\/www.voxmed.com.br\/voxmed\/wp-content\/uploads\/2020\/06\/Revis\u00e3o-do-ingl\u00eas-e-tradu\u00e7\u00e3o-de-artigos-m\u00e9dicos.jpg&#8221; use_bg_overlay=&#8221;on&#8221; _builder_version=&#8221;4.13.0&#8243; header_font=&#8221;Montserrat|300|||||||&#8221; header_text_align=&#8221;center&#8221; header_text_color=&#8221;#ffffff&#8221; header_font_size=&#8221;22px&#8221; header_line_height=&#8221;2.1em&#8221; body_font=&#8221;Montserrat||||||||&#8221; body_text_align=&#8221;center&#8221; body_text_color=&#8221;#ffffff&#8221; background_color=&#8221;#a1bfcc&#8221; background_enable_color=&#8221;on&#8221; background_enable_image=&#8221;off&#8221; button_text_size=&#8221;17px&#8221; button_text_color=&#8221;#4e90a2&#8243; button_bg_color=&#8221;#ffffff&#8221; button_border_color=&#8221;#ffffff&#8221; button_border_radius=&#8221;0px&#8221; button_letter_spacing=&#8221;0px&#8221; button_font=&#8221;Montserrat||||||||&#8221; button_use_icon=&#8221;on&#8221; button_icon=&#8221;&#x39;||divi||400&#8243; button_alignment=&#8221;center&#8221; width=&#8221;100%&#8221; custom_padding=&#8221;85px||70px||false|false&#8221; filter_saturate=&#8221;133%&#8221; button_text_shadow_style=&#8221;preset1&#8243; button_text_shadow_color=&#8221;rgba(255,255,255,0.4)&#8221; box_shadow_style_image=&#8221;preset3&#8243; box_shadow_style_button=&#8221;preset3&#8243; global_colors_info=&#8221;{}&#8221; sticky_transition=&#8221;on&#8221;]\n<h2>suporte em todas as etapas na publica\u00e7\u00e3o de artigos<\/h2>\n[\/et_pb_slide][\/et_pb_slider][\/et_pb_column][\/et_pb_row][\/et_pb_section][et_pb_section fb_built=&#8221;1&#8243; _builder_version=&#8221;4.4.8&#8243; min_height=&#8221;495px&#8221; custom_margin=&#8221;38px||-79px|||&#8221; custom_padding=&#8221;0px||0px|0px||&#8221; top_divider_color=&#8221;#ffffff&#8221; top_divider_height=&#8221;53px&#8221; top_divider_arrangement=&#8221;above_content&#8221; global_colors_info=&#8221;{}&#8221;][et_pb_row column_structure=&#8221;1_3,1_3,1_3&#8243; _builder_version=&#8221;4.4.8&#8243; global_colors_info=&#8221;{}&#8221;][et_pb_column type=&#8221;1_3&#8243; _builder_version=&#8221;4.4.8&#8243; global_colors_info=&#8221;{}&#8221;][et_pb_cta title=&#8221;Tradu\u00e7\u00e3o&#8221; button_url=&#8221;https:\/\/www.voxmed.com.br\/voxmed\/traducao-medica-portugues-ingles\/&#8221; button_text=&#8221;Saiba mais&#8221; _builder_version=&#8221;4.4.8&#8243; header_font=&#8221;Montserrat||||||||&#8221; body_font=&#8221;Montserrat||||||||&#8221; background_color=&#8221;#375664&#8243; custom_button=&#8221;on&#8221; button_text_size=&#8221;16px&#8221; button_text_color=&#8221;#003144&#8243; button_bg_color=&#8221;#ffffff&#8221; button_border_width=&#8221;0px&#8221; button_font=&#8221;Montserrat||||||||&#8221; global_colors_info=&#8221;{}&#8221;]\n<p><a href=\"https:\/\/www.voxmed.com.br\/voxmed\/websites-3\/\"><img loading=\"lazy\" decoding=\"async\" src=\"https:\/\/www.voxmed.com.br\/voxmed\/wp-content\/uploads\/2020\/06\/Websites-1.png\" width=\"96\" height=\"90\" alt=\"\" class=\"wp-image-5526 alignnone size-full\" style=\"display: block; margin-left: auto; margin-right: auto;\" \/><\/a><\/p>\n<p style=\"text-align: center;\">Tradu\u00e7\u00e3o para o ingl\u00eas por uma equipe com dom\u00ednio absoluto do idioma e especializada na \u00e1rea m\u00e9dica e cient\u00edfica<\/p>\n[\/et_pb_cta][\/et_pb_column][et_pb_column type=&#8221;1_3&#8243; _builder_version=&#8221;4.4.8&#8243; global_colors_info=&#8221;{}&#8221;][et_pb_cta title=&#8221;Edi\u00e7\u00e3o&#8221; button_url=&#8221;https:\/\/www.voxmed.com.br\/voxmed\/revisao-do-ingles-manuscrito-medico-cientifico\/&#8221; button_text=&#8221;Saiba mais&#8221; _builder_version=&#8221;4.4.8&#8243; header_font=&#8221;Montserrat||||||||&#8221; body_font=&#8221;Montserrat||||||||&#8221; body_text_align=&#8221;center&#8221; background_color=&#8221;#E9F0F3&#8243; custom_button=&#8221;on&#8221; button_text_size=&#8221;16px&#8221; button_text_color=&#8221;#003144&#8243; button_bg_color=&#8221;#ffffff&#8221; button_border_width=&#8221;0px&#8221; button_font=&#8221;Montserrat||||||||&#8221; button_alignment=&#8221;center&#8221; background_layout=&#8221;light&#8221; global_colors_info=&#8221;{}&#8221;]\n<p><a href=\"https:\/\/www.voxmed.com.br\/voxmed\/servicos-de-manuscritos-2\/\"><img loading=\"lazy\" decoding=\"async\" src=\"https:\/\/www.voxmed.com.br\/voxmed\/wp-content\/uploads\/2020\/06\/servi\u00e7os-de-manuscritos.png\" width=\"69\" height=\"67\" alt=\"\" class=\"wp-image-5533 alignnone size-full\" style=\"display: block; margin-left: auto; margin-right: auto;\" \/><\/a><\/p>\n<p>Corre\u00e7\u00e3o de falhas de gram\u00e1tica, ortografia e estilo que possam comprometer a qualidade e prejudicar as chances de publica\u00e7\u00e3o do seu artigo<\/p>\n[\/et_pb_cta][\/et_pb_column][et_pb_column type=&#8221;1_3&#8243; _builder_version=&#8221;4.4.8&#8243; global_colors_info=&#8221;{}&#8221;][et_pb_cta title=&#8221;Certifica\u00e7\u00e3o&#8221; button_url=&#8221;https:\/\/www.voxmed.com.br\/voxmed\/certificacao-de-manuscritos\/&#8221; button_text=&#8221;Saiba mais&#8221; _builder_version=&#8221;4.4.8&#8243; header_font=&#8221;Montserrat||||||||&#8221; header_text_align=&#8221;center&#8221; body_font=&#8221;Montserrat||||||||&#8221; background_color=&#8221;#A8C2CE&#8221; custom_button=&#8221;on&#8221; button_text_size=&#8221;16px&#8221; button_text_color=&#8221;#003144&#8243; button_bg_color=&#8221;#ffffff&#8221; button_border_width=&#8221;0px&#8221; button_font=&#8221;Montserrat||||||||&#8221; global_colors_info=&#8221;{}&#8221;]\n<p style=\"text-align: center;\"><a href=\"https:\/\/www.voxmed.com.br\/voxmed\/certificacao-3\/\"><img loading=\"lazy\" decoding=\"async\" src=\"https:\/\/www.voxmed.com.br\/voxmed\/wp-content\/uploads\/2020\/06\/Certifica\u00e7\u00e3o.png\" width=\"97\" height=\"95\" alt=\"\" class=\"wp-image-5529 alignnone size-full\" \/><\/a><\/p>\n<p style=\"text-align: center;\">Certificado de revis\u00e3o do ingl\u00eas, uma garantia de que o ingl\u00eas no seu artigo est\u00e1 pronto para publica\u00e7\u00e3o<\/p>\n<p style=\"text-align: center;\">[\/et_pb_cta][\/et_pb_column][\/et_pb_row][et_pb_row _builder_version=&#8221;4.4.8&#8243; custom_margin=&#8221;||35px||false|false&#8221; custom_padding=&#8221;||||false|false&#8221; global_colors_info=&#8221;{}&#8221;][et_pb_column type=&#8221;4_4&#8243; _builder_version=&#8221;4.4.8&#8243; global_colors_info=&#8221;{}&#8221;][et_pb_button button_url=&#8221;https:\/\/www.voxmed.com.br\/voxmed\/contato-2-2\/&#8221; button_text=&#8221;Clique aqui para solicitar um or\u00e7amento sem compromisso&#8221; button_alignment=&#8221;center&#8221; _builder_version=&#8221;4.13.0&#8243; custom_button=&#8221;on&#8221; button_text_color=&#8221;#ffffff&#8221; button_bg_color=&#8221;#8ba8b2&#8243; button_border_width=&#8221;0px&#8221; button_font=&#8221;Montserrat||||||||&#8221; button_icon=&#8221;&#x39;||divi||400&#8243; button_icon_color=&#8221;#ffffff&#8221; animation_style=&#8221;zoom&#8221; animation_duration=&#8221;850ms&#8221; animation_intensity_zoom=&#8221;5%&#8221; animation_starting_opacity=&#8221;11%&#8221; scroll_horizontal_motion=&#8221;0|50|50|100|8|0|-8&#8243; box_shadow_style=&#8221;preset3&#8243; global_colors_info=&#8221;{}&#8221;][\/et_pb_button][\/et_pb_column][\/et_pb_row][\/et_pb_section][et_pb_section fb_built=&#8221;1&#8243; _builder_version=&#8221;4.3.2&#8243; custom_margin=&#8221;-17px|||||&#8221; global_colors_info=&#8221;{}&#8221;][et_pb_row column_structure=&#8221;1_5,1_5,3_5&#8243; _builder_version=&#8221;4.3.2&#8243; custom_margin=&#8221;||-4px||false|false&#8221; custom_padding=&#8221;||2px||false|false&#8221; global_colors_info=&#8221;{}&#8221;][et_pb_column type=&#8221;1_5&#8243; _builder_version=&#8221;4.3.2&#8243; custom_padding=&#8221;|||35px|false|false&#8221; global_colors_info=&#8221;{}&#8221;][\/et_pb_column][et_pb_column type=&#8221;1_5&#8243; disabled_on=&#8221;on|off|off&#8221; _builder_version=&#8221;4.3.2&#8243; global_colors_info=&#8221;{}&#8221;][et_pb_image src=&#8221;https:\/\/www.voxmed.com.br\/voxmed\/wp-content\/uploads\/2016\/08\/\u00edcone.png&#8221; align=&#8221;right&#8221; src_tablet=&#8221;&#8221; src_phone=&#8221;&#8221; src_last_edited=&#8221;on|desktop&#8221; _builder_version=&#8221;4.3.2&#8243; width=&#8221;100%&#8221; min_height=&#8221;100px&#8221; height=&#8221;122px&#8221; max_height=&#8221;1000px&#8221; custom_margin=&#8221;16px|-12px|16px||true|false&#8221; animation_style=&#8221;slide&#8221; animation_direction=&#8221;left&#8221; animation_duration=&#8221;1700ms&#8221; animation_delay=&#8221;450ms&#8221; animation_intensity_slide=&#8221;20%&#8221; animation_starting_opacity=&#8221;9%&#8221; global_colors_info=&#8221;{}&#8221;][\/et_pb_image][\/et_pb_column][et_pb_column type=&#8221;3_5&#8243; _builder_version=&#8221;4.3.2&#8243; global_colors_info=&#8221;{}&#8221;][et_pb_text content_tablet=&#8221;&#8221; content_phone=&#8221;<\/p>\n<h2>Sobre a Voxmed<\/h2>\n<p style=%22text-align: left;%22><span>A Voxmed foi fundada em 2008 em Boston, cora\u00e7\u00e3o das principais institui\u00e7\u00f5es m\u00e9dicas do mundo. Alinhada com a excel\u00eancia da medicina na regi\u00e3o, nossa equipe oferece suporte da mais alta qualidade para que autores em todo o mundo alcancem seus objetivos de publica\u00e7\u00e3o. <\/span><span>Entre nossos clientes est\u00e3o m\u00e9dicos, profissionais da sa\u00fade e empresas farmac\u00eauticas de diversos pa\u00edses como o Brasil, Estados Unidos, Inglaterra, Holanda e Jap\u00e3o.<\/span><\/p>\n<p style=%22text-align: left;%22><span>Nossa equipe \u00e9 formada por tradutores e editores m\u00e9dicos com mais de 15 anos de experi\u00eancia em publica\u00e7\u00f5es e membros da <em>American Medical Writers Association<\/em> (AMWA), <em>International Society for Medical Publication Professionals<\/em> (ISMPP) e <em>American Translators Association<\/em> (ATA).<\/span><\/p>\n<p style=%22text-align: left;%22><span>Com um trabalho fundamentado em integridade e dedica\u00e7\u00e3o, estamos preparados para ajudar no processo de publica\u00e7\u00e3o de qualquer tipo de manuscrito na \u00e1rea m\u00e9dica.<\/span><\/p>\n<p>&#8221; content_last_edited=&#8221;on|phone&#8221; _builder_version=&#8221;4.4.8&#8243; text_font=&#8221;Montserrat|300|||||||&#8221; text_text_color=&#8221;#ffffff&#8221; text_font_size=&#8221;16px&#8221; text_line_height=&#8221;2em&#8221; header_font=&#8221;Montserrat||||||||&#8221; header_2_font=&#8221;Montserrat|600|||||||&#8221; header_2_text_color=&#8221;#ffffff&#8221; header_3_font=&#8221;Montserrat||||||||&#8221; background_color=&#8221;#738592&#8243; text_orientation=&#8221;justified&#8221; width=&#8221;99%&#8221; max_width=&#8221;96%&#8221; min_height=&#8221;653px&#8221; max_height=&#8221;1000px&#8221; custom_margin=&#8221;-11px|49px|-19px|0px|false|false&#8221; custom_margin_tablet=&#8221;&#8221; custom_margin_phone=&#8221;7px|49px|-19px|0px|false|false&#8221; custom_margin_last_edited=&#8221;on|phone&#8221; custom_padding=&#8221;21px|36px|4px|49px|false|false&#8221; custom_padding_tablet=&#8221;&#8221; custom_padding_phone=&#8221;22px||||false|false&#8221; custom_padding_last_edited=&#8221;on|phone&#8221; text_font_size_tablet=&#8221;&#8221; text_font_size_phone=&#8221;12px&#8221; text_font_size_last_edited=&#8221;on|phone&#8221; text_orientation_tablet=&#8221;&#8221; text_orientation_phone=&#8221;center&#8221; text_orientation_last_edited=&#8221;on|phone&#8221; global_colors_info=&#8221;{}&#8221;]\n<h2>Sobre a Voxmed<\/h2>\n<p style=\"text-align: left;\"><span>A Voxmed foi fundada em 2008 em Boston, cora\u00e7\u00e3o das principais institui\u00e7\u00f5es m\u00e9dicas do mundo. Alinhada com a excel\u00eancia da medicina na regi\u00e3o, nossa equipe oferece suporte da mais alta qualidade para que autores em todo o mundo alcancem seus objetivos de publica\u00e7\u00e3o.\u00a0<\/span><span>Entre nossos clientes est\u00e3o m\u00e9dicos, profissionais da sa\u00fade e empresas farmac\u00eauticas de diversos pa\u00edses como o Brasil, Estados Unidos, Inglaterra, Holanda e Jap\u00e3o.<\/span><\/p>\n<p style=\"text-align: left;\"><span>Nossa equipe \u00e9 formada por tradutores e editores m\u00e9dicos com mais de\u00a015 anos de experi\u00eancia em publica\u00e7\u00f5es e membros da\u00a0<em>American Medical Writers Association<\/em>\u00a0(AMWA),\u00a0<em>International Society for Medical Publication Professionals<\/em>\u00a0(ISMPP) e\u00a0<em>American Translators Association<\/em>\u00a0(ATA).<\/span><\/p>\n<p style=\"text-align: left;\"><span>Com um trabalho fundamentado em integridade e dedica\u00e7\u00e3o, estamos preparados para ajudar no processo de publica\u00e7\u00e3o de qualquer tipo de texto na \u00e1rea m\u00e9dica.<\/span><\/p>\n[\/et_pb_text][\/et_pb_column][\/et_pb_row][\/et_pb_section]\n","protected":false},"excerpt":{"rendered":"<p>pesquisadores de sucesso desde 2008suporte em todas as etapas na publica\u00e7\u00e3o de artigos Tradu\u00e7\u00e3o para o ingl\u00eas por uma equipe com dom\u00ednio absoluto do idioma e especializada na \u00e1rea m\u00e9dica e cient\u00edfica Corre\u00e7\u00e3o de falhas de gram\u00e1tica, ortografia e estilo que possam comprometer a qualidade e prejudicar as chances de publica\u00e7\u00e3o do seu artigo Certificado [&hellip;]<\/p>\n","protected":false},"author":1,"featured_media":0,"parent":0,"menu_order":0,"comment_status":"closed","ping_status":"closed","template":"","meta":{"_et_pb_use_builder":"on","_et_pb_old_content":"","_et_gb_content_width":"","footnotes":""},"class_list":["post-4873","page","type-page","status-publish","hentry"],"yoast_head":"<!-- This site is optimized with the Yoast SEO plugin v27.4 - https:\/\/yoast.com\/product\/yoast-seo-wordpress\/ -->\n<title>Voxmed<\/title>\n<meta name=\"robots\" content=\"index, follow, max-snippet:-1, max-image-preview:large, max-video-preview:-1\" \/>\n<link rel=\"canonical\" href=\"https:\/\/www.voxmed.com.br\/voxmed\/\" \/>\n<meta property=\"og:locale\" content=\"pt_BR\" \/>\n<meta property=\"og:type\" content=\"article\" \/>\n<meta property=\"og:title\" content=\"Voxmed\" \/>\n<meta property=\"og:description\" content=\"pesquisadores de sucesso desde 2008suporte em todas as etapas na publica\u00e7\u00e3o de artigos Tradu\u00e7\u00e3o para o ingl\u00eas por uma equipe com dom\u00ednio absoluto do idioma e especializada na \u00e1rea m\u00e9dica e cient\u00edfica Corre\u00e7\u00e3o de falhas de gram\u00e1tica, ortografia e estilo que possam comprometer a qualidade e prejudicar as chances de publica\u00e7\u00e3o do seu artigo Certificado [&hellip;]\" \/>\n<meta property=\"og:url\" content=\"https:\/\/www.voxmed.com.br\/voxmed\/\" \/>\n<meta property=\"og:site_name\" content=\"Voxmed\" \/>\n<meta property=\"article:modified_time\" content=\"2022-02-04T02:05:32+00:00\" \/>\n<meta property=\"og:image\" content=\"https:\/\/www.voxmed.com.br\/voxmed\/wp-content\/uploads\/2020\/06\/Websites-1.png\" \/>\n<meta name=\"twitter:label1\" content=\"Est. tempo de leitura\" \/>\n\t<meta name=\"twitter:data1\" content=\"8 minutos\" \/>\n<script type=\"application\/ld+json\" class=\"yoast-schema-graph\">{\"@context\":\"https:\\\/\\\/schema.org\",\"@graph\":[{\"@type\":\"WebPage\",\"@id\":\"https:\\\/\\\/www.voxmed.com.br\\\/voxmed\\\/\",\"url\":\"https:\\\/\\\/www.voxmed.com.br\\\/voxmed\\\/\",\"name\":\"Voxmed\",\"isPartOf\":{\"@id\":\"https:\\\/\\\/www.voxmed.com.br\\\/voxmed\\\/#website\"},\"primaryImageOfPage\":{\"@id\":\"https:\\\/\\\/www.voxmed.com.br\\\/voxmed\\\/#primaryimage\"},\"image\":{\"@id\":\"https:\\\/\\\/www.voxmed.com.br\\\/voxmed\\\/#primaryimage\"},\"thumbnailUrl\":\"https:\\\/\\\/www.voxmed.com.br\\\/voxmed\\\/wp-content\\\/uploads\\\/2020\\\/06\\\/Websites-1.png\",\"datePublished\":\"2020-02-24T19:46:53+00:00\",\"dateModified\":\"2022-02-04T02:05:32+00:00\",\"inLanguage\":\"pt-BR\",\"potentialAction\":[{\"@type\":\"ReadAction\",\"target\":[\"https:\\\/\\\/www.voxmed.com.br\\\/voxmed\\\/\"]}]},{\"@type\":\"ImageObject\",\"inLanguage\":\"pt-BR\",\"@id\":\"https:\\\/\\\/www.voxmed.com.br\\\/voxmed\\\/#primaryimage\",\"url\":\"https:\\\/\\\/www.voxmed.com.br\\\/voxmed\\\/wp-content\\\/uploads\\\/2020\\\/06\\\/Websites-1.png\",\"contentUrl\":\"https:\\\/\\\/www.voxmed.com.br\\\/voxmed\\\/wp-content\\\/uploads\\\/2020\\\/06\\\/Websites-1.png\",\"width\":207,\"height\":195},{\"@type\":\"WebSite\",\"@id\":\"https:\\\/\\\/www.voxmed.com.br\\\/voxmed\\\/#website\",\"url\":\"https:\\\/\\\/www.voxmed.com.br\\\/voxmed\\\/\",\"name\":\"Voxmed\",\"description\":\"Clear medical communications to help move science forward\",\"potentialAction\":[{\"@type\":\"SearchAction\",\"target\":{\"@type\":\"EntryPoint\",\"urlTemplate\":\"https:\\\/\\\/www.voxmed.com.br\\\/voxmed\\\/?s={search_term_string}\"},\"query-input\":{\"@type\":\"PropertyValueSpecification\",\"valueRequired\":true,\"valueName\":\"search_term_string\"}}],\"inLanguage\":\"pt-BR\"}]}<\/script>\n<!-- \/ Yoast SEO plugin. -->","yoast_head_json":{"title":"Voxmed","robots":{"index":"index","follow":"follow","max-snippet":"max-snippet:-1","max-image-preview":"max-image-preview:large","max-video-preview":"max-video-preview:-1"},"canonical":"https:\/\/www.voxmed.com.br\/voxmed\/","og_locale":"pt_BR","og_type":"article","og_title":"Voxmed","og_description":"pesquisadores de sucesso desde 2008suporte em todas as etapas na publica\u00e7\u00e3o de artigos Tradu\u00e7\u00e3o para o ingl\u00eas por uma equipe com dom\u00ednio absoluto do idioma e especializada na \u00e1rea m\u00e9dica e cient\u00edfica Corre\u00e7\u00e3o de falhas de gram\u00e1tica, ortografia e estilo que possam comprometer a qualidade e prejudicar as chances de publica\u00e7\u00e3o do seu artigo Certificado [&hellip;]","og_url":"https:\/\/www.voxmed.com.br\/voxmed\/","og_site_name":"Voxmed","article_modified_time":"2022-02-04T02:05:32+00:00","og_image":[{"url":"https:\/\/www.voxmed.com.br\/voxmed\/wp-content\/uploads\/2020\/06\/Websites-1.png","type":"","width":"","height":""}],"twitter_misc":{"Est. tempo de leitura":"8 minutos"},"schema":{"@context":"https:\/\/schema.org","@graph":[{"@type":"WebPage","@id":"https:\/\/www.voxmed.com.br\/voxmed\/","url":"https:\/\/www.voxmed.com.br\/voxmed\/","name":"Voxmed","isPartOf":{"@id":"https:\/\/www.voxmed.com.br\/voxmed\/#website"},"primaryImageOfPage":{"@id":"https:\/\/www.voxmed.com.br\/voxmed\/#primaryimage"},"image":{"@id":"https:\/\/www.voxmed.com.br\/voxmed\/#primaryimage"},"thumbnailUrl":"https:\/\/www.voxmed.com.br\/voxmed\/wp-content\/uploads\/2020\/06\/Websites-1.png","datePublished":"2020-02-24T19:46:53+00:00","dateModified":"2022-02-04T02:05:32+00:00","inLanguage":"pt-BR","potentialAction":[{"@type":"ReadAction","target":["https:\/\/www.voxmed.com.br\/voxmed\/"]}]},{"@type":"ImageObject","inLanguage":"pt-BR","@id":"https:\/\/www.voxmed.com.br\/voxmed\/#primaryimage","url":"https:\/\/www.voxmed.com.br\/voxmed\/wp-content\/uploads\/2020\/06\/Websites-1.png","contentUrl":"https:\/\/www.voxmed.com.br\/voxmed\/wp-content\/uploads\/2020\/06\/Websites-1.png","width":207,"height":195},{"@type":"WebSite","@id":"https:\/\/www.voxmed.com.br\/voxmed\/#website","url":"https:\/\/www.voxmed.com.br\/voxmed\/","name":"Voxmed","description":"Clear medical communications to help move science forward","potentialAction":[{"@type":"SearchAction","target":{"@type":"EntryPoint","urlTemplate":"https:\/\/www.voxmed.com.br\/voxmed\/?s={search_term_string}"},"query-input":{"@type":"PropertyValueSpecification","valueRequired":true,"valueName":"search_term_string"}}],"inLanguage":"pt-BR"}]}},"_links":{"self":[{"href":"https:\/\/www.voxmed.com.br\/voxmed\/wp-json\/wp\/v2\/pages\/4873","targetHints":{"allow":["GET"]}}],"collection":[{"href":"https:\/\/www.voxmed.com.br\/voxmed\/wp-json\/wp\/v2\/pages"}],"about":[{"href":"https:\/\/www.voxmed.com.br\/voxmed\/wp-json\/wp\/v2\/types\/page"}],"author":[{"embeddable":true,"href":"https:\/\/www.voxmed.com.br\/voxmed\/wp-json\/wp\/v2\/users\/1"}],"replies":[{"embeddable":true,"href":"https:\/\/www.voxmed.com.br\/voxmed\/wp-json\/wp\/v2\/comments?post=4873"}],"version-history":[{"count":86,"href":"https:\/\/www.voxmed.com.br\/voxmed\/wp-json\/wp\/v2\/pages\/4873\/revisions"}],"predecessor-version":[{"id":6041,"href":"https:\/\/www.voxmed.com.br\/voxmed\/wp-json\/wp\/v2\/pages\/4873\/revisions\/6041"}],"wp:attachment":[{"href":"https:\/\/www.voxmed.com.br\/voxmed\/wp-json\/wp\/v2\/media?parent=4873"}],"curies":[{"name":"wp","href":"https:\/\/api.w.org\/{rel}","templated":true}]}}