{"id":4997,"date":"2020-03-12T17:49:47","date_gmt":"2020-03-12T17:49:47","guid":{"rendered":"https:\/\/www.voxmed.com.br\/voxmed\/?page_id=4997"},"modified":"2023-05-23T13:38:47","modified_gmt":"2023-05-23T13:38:47","slug":"contato-2-2","status":"publish","type":"page","link":"https:\/\/www.voxmed.com.br\/voxmed\/contato-2-2\/","title":{"rendered":"Solicita\u00e7\u00e3o de or\u00e7amento"},"content":{"rendered":"[et_pb_section fb_built=&#8221;1&#8243; _builder_version=&#8221;4.16&#8243; global_colors_info=&#8221;{}&#8221;][et_pb_row _builder_version=&#8221;4.16&#8243; custom_margin=&#8221;-32px||||false|false&#8221; custom_margin_tablet=&#8221;&#8221; custom_margin_phone=&#8221;&#8221; custom_margin_last_edited=&#8221;on|phone&#8221; global_colors_info=&#8221;{}&#8221;][et_pb_column type=&#8221;4_4&#8243; _builder_version=&#8221;4.16&#8243; global_colors_info=&#8221;{}&#8221;][et_pb_text content_tablet=&#8221;<\/p>\n<p style=%22text-align: center;%22><strong>Entre em contato conosco ou solicite um or\u00e7amento atrav\u00e9s do formul\u00e1rio abaixo<\/strong><\/p>\n<p>&#8221; content_phone=&#8221;<\/p>\n<p style=%22text-align: center;%22><strong>Entre em contato conosco ou solicite um or\u00e7amento atrav\u00e9s do formul\u00e1rio abaixo<\/strong><\/p>\n<p>&#8221; content_last_edited=&#8221;on|phone&#8221; _builder_version=&#8221;4.16&#8243; header_2_font=&#8221;Cabin||||||||&#8221; header_2_line_height=&#8221;1.4em&#8221; width=&#8221;100%&#8221; min_height=&#8221;107px&#8221; min_height_tablet=&#8221;100px&#8221; min_height_phone=&#8221;116px&#8221; min_height_last_edited=&#8221;on|phone&#8221; custom_margin=&#8221;|0px|-35px||false|false&#8221; custom_padding=&#8221;|0px|0px||false|false&#8221; global_colors_info=&#8221;{}&#8221;]\n<h2 style=\"text-align: center;\">Entre em contato conosco ou solicite uma proposta atrav\u00e9s do formul\u00e1rio abaixo<\/h2>\n<p style=\"text-align: center;\">[\/et_pb_text][et_pb_contact_form email=&#8221;mbasaria@gmail.com&#8221; custom_message=&#8221;Pedido de or\u00e7amento||et_pb_line_break_holder||&#8212;&#8212;-||et_pb_line_break_holder||Nome: %%name%%||et_pb_line_break_holder||E-mail: %%email%%||et_pb_line_break_holder||Or\u00e7amento ou contato: %%Assunto%%||et_pb_line_break_holder||Tipo de servi\u00e7o(s): %%servico%%||et_pb_line_break_holder||&#8212;||et_pb_line_break_holder||Manuscrito: %%texto%%||et_pb_line_break_holder||&#8212;||et_pb_line_break_holder||Mensagem: %%mensagem%%||et_pb_line_break_holder||&#8221; success_message=&#8221;Sua mensagem foi enviada com sucesso. N\u00f3s respondemos todas as mensagens em at\u00e9 1 dia \u00fatil. &#8221; _builder_version=&#8221;4.18.0&#8243; _unique_id=&#8221;be2153e5-01bb-41f5-9269-f93ae133b7d8&#8243; custom_button=&#8221;on&#8221; button_text_size=&#8221;18px&#8221; button_bg_color=&#8221;#f4f4f4&#8243; button_border_width=&#8221;1px&#8221; button_border_color=&#8221;#cecece&#8221; button_font=&#8221;Cabin||||||||&#8221; button_icon=&#8221;&#x39;||divi||400&#8243; button_icon_color=&#8221;#000000&#8243; module_alignment=&#8221;center&#8221; custom_padding=&#8221;0px||0px|||&#8221; button_text_size_tablet=&#8221;&#8221; button_text_size_phone=&#8221;&#8221; button_text_size_last_edited=&#8221;on|desktop&#8221; box_shadow_style_button=&#8221;preset3&#8243; global_colors_info=&#8221;{}&#8221;][et_pb_contact_field field_id=&#8221;Name&#8221; field_title=&#8221;Nome&#8221; _builder_version=&#8221;4.16&#8243; box_shadow_style=&#8221;preset3&#8243; global_colors_info=&#8221;{}&#8221; button_text_size__hover_enabled=&#8221;off&#8221; button_one_text_size__hover_enabled=&#8221;off&#8221; button_two_text_size__hover_enabled=&#8221;off&#8221; button_text_color__hover_enabled=&#8221;off&#8221; button_one_text_color__hover_enabled=&#8221;off&#8221; button_two_text_color__hover_enabled=&#8221;off&#8221; button_border_width__hover_enabled=&#8221;off&#8221; button_one_border_width__hover_enabled=&#8221;off&#8221; button_two_border_width__hover_enabled=&#8221;off&#8221; button_border_color__hover_enabled=&#8221;off&#8221; button_one_border_color__hover_enabled=&#8221;off&#8221; button_two_border_color__hover_enabled=&#8221;off&#8221; button_border_radius__hover_enabled=&#8221;off&#8221; button_one_border_radius__hover_enabled=&#8221;off&#8221; button_two_border_radius__hover_enabled=&#8221;off&#8221; button_letter_spacing__hover_enabled=&#8221;off&#8221; button_one_letter_spacing__hover_enabled=&#8221;off&#8221; button_two_letter_spacing__hover_enabled=&#8221;off&#8221; button_bg_color__hover_enabled=&#8221;off&#8221; button_one_bg_color__hover_enabled=&#8221;off&#8221; button_two_bg_color__hover_enabled=&#8221;off&#8221;][\/et_pb_contact_field][et_pb_contact_field field_id=&#8221;Email&#8221; field_title=&#8221;E-mail&#8221; field_type=&#8221;email&#8221; _builder_version=&#8221;4.16&#8243; box_shadow_style=&#8221;preset3&#8243; global_colors_info=&#8221;{}&#8221; button_text_size__hover_enabled=&#8221;off&#8221; button_one_text_size__hover_enabled=&#8221;off&#8221; button_two_text_size__hover_enabled=&#8221;off&#8221; button_text_color__hover_enabled=&#8221;off&#8221; button_one_text_color__hover_enabled=&#8221;off&#8221; button_two_text_color__hover_enabled=&#8221;off&#8221; button_border_width__hover_enabled=&#8221;off&#8221; button_one_border_width__hover_enabled=&#8221;off&#8221; button_two_border_width__hover_enabled=&#8221;off&#8221; button_border_color__hover_enabled=&#8221;off&#8221; button_one_border_color__hover_enabled=&#8221;off&#8221; button_two_border_color__hover_enabled=&#8221;off&#8221; button_border_radius__hover_enabled=&#8221;off&#8221; button_one_border_radius__hover_enabled=&#8221;off&#8221; button_two_border_radius__hover_enabled=&#8221;off&#8221; button_letter_spacing__hover_enabled=&#8221;off&#8221; button_one_letter_spacing__hover_enabled=&#8221;off&#8221; button_two_letter_spacing__hover_enabled=&#8221;off&#8221; button_bg_color__hover_enabled=&#8221;off&#8221; button_one_bg_color__hover_enabled=&#8221;off&#8221; button_two_bg_color__hover_enabled=&#8221;off&#8221;][\/et_pb_contact_field][et_pb_contact_field field_id=&#8221;Assunto&#8221; field_title=&#8221;Assunto&#8221; field_type=&#8221;checkbox&#8221; checkbox_options=&#8221;%91{%22value%22:%22Or\u00e7amento%22,%22checked%22:0,%22dragID%22:-1},{%22value%22:%22Contato%22,%22checked%22:0,%22dragID%22:0}%93&#8243; fullwidth_field=&#8221;on&#8221; _builder_version=&#8221;4.16&#8243; form_field_font_size=&#8221;14px&#8221; width=&#8221;100%&#8221; max_width=&#8221;100%&#8221; module_alignment=&#8221;left&#8221; min_height=&#8221;100px&#8221; height=&#8221;100px&#8221; max_height=&#8221;1000px&#8221; custom_margin=&#8221;||-3px||false|false&#8221; global_colors_info=&#8221;{}&#8221;][\/et_pb_contact_field][et_pb_contact_field field_id=&#8221;servico&#8221; field_title=&#8221;Escolha uma ou mais op\u00e7\u00f5es a seguir&#8221; field_type=&#8221;checkbox&#8221; checkbox_options=&#8221;%91{%22value%22:%22Constru\u00e7\u00e3o de website%22,%22checked%22:0,%22dragID%22:-1},{%22value%22:%22An\u00e1lise cr\u00edtica de manuscrito%22,%22checked%22:0,%22dragID%22:0},{%22value%22:%22Certifica\u00e7\u00e3o (manuscrito j\u00e1 aceito para publica\u00e7\u00e3o)%22,%22checked%22:0,%22dragID%22:1},{%22value%22:%22Revis\u00e3o do ingl\u00eas (inclui certificado) %22,%22checked%22:0,%22dragID%22:2},{%22value%22:%22Tradu\u00e7\u00e3o para o ingl\u00eas (inclui certificado)%22,%22checked%22:0,%22dragID%22:3},{%22value%22:%22Formata\u00e7\u00e3o de manuscrito%22,%22checked%22:0,%22dragID%22:4},{%22value%22:%22Submiss\u00e3o de manuscrito%22,%22checked%22:0,%22dragID%22:5}%93&#8243; conditional_logic=&#8221;on&#8221; conditional_logic_rules=&#8221;%91{%22field%22:%22assunto%22,%22condition%22:%22is%22,%22value%22:%22Or\u00e7amento%22}%93&#8243; _builder_version=&#8221;4.18.0&#8243; width=&#8221;100%&#8221; max_width=&#8221;100%&#8221; module_alignment=&#8221;left&#8221; min_height=&#8221;332px&#8221; max_height=&#8221;1000px&#8221; custom_margin=&#8221;||-95px||false|false&#8221; global_colors_info=&#8221;{}&#8221;][\/et_pb_contact_field][et_pb_contact_field field_id=&#8221;texto&#8221; field_title=&#8221;Cole o texto neste espa\u00e7o. Para manuscritos, copie e cole o texto do in\u00edcio da introdu\u00e7\u00e3o at\u00e9 tabelas e legendas de figuras, sem incluir refer\u00eancias (este passo \u00e9 necess\u00e1rio para a prepara\u00e7\u00e3o da proposta)&#8221; field_type=&#8221;text&#8221; required_mark=&#8221;off&#8221; fullwidth_field=&#8221;on&#8221; conditional_logic=&#8221;on&#8221; conditional_logic_rules=&#8221;%91{%22field%22:%22assunto%22,%22condition%22:%22is%22,%22value%22:%22Or\u00e7amento%22}%93&#8243; _builder_version=&#8221;4.16&#8243; custom_margin=&#8221;0px||||false|false&#8221; box_shadow_style=&#8221;preset3&#8243; global_colors_info=&#8221;{}&#8221; button_text_size__hover_enabled=&#8221;off&#8221; button_one_text_size__hover_enabled=&#8221;off&#8221; button_two_text_size__hover_enabled=&#8221;off&#8221; button_text_color__hover_enabled=&#8221;off&#8221; button_one_text_color__hover_enabled=&#8221;off&#8221; button_two_text_color__hover_enabled=&#8221;off&#8221; button_border_width__hover_enabled=&#8221;off&#8221; button_one_border_width__hover_enabled=&#8221;off&#8221; button_two_border_width__hover_enabled=&#8221;off&#8221; button_border_color__hover_enabled=&#8221;off&#8221; button_one_border_color__hover_enabled=&#8221;off&#8221; button_two_border_color__hover_enabled=&#8221;off&#8221; button_border_radius__hover_enabled=&#8221;off&#8221; button_one_border_radius__hover_enabled=&#8221;off&#8221; button_two_border_radius__hover_enabled=&#8221;off&#8221; button_letter_spacing__hover_enabled=&#8221;off&#8221; button_one_letter_spacing__hover_enabled=&#8221;off&#8221; button_two_letter_spacing__hover_enabled=&#8221;off&#8221; button_bg_color__hover_enabled=&#8221;off&#8221; button_one_bg_color__hover_enabled=&#8221;off&#8221; button_two_bg_color__hover_enabled=&#8221;off&#8221;][\/et_pb_contact_field][et_pb_contact_field field_id=&#8221;mensagem&#8221; field_title=&#8221;Mensagem (opcional)&#8221; field_type=&#8221;text&#8221; required_mark=&#8221;off&#8221; fullwidth_field=&#8221;on&#8221; _builder_version=&#8221;4.16&#8243; box_shadow_style=&#8221;preset3&#8243; global_colors_info=&#8221;{}&#8221;][\/et_pb_contact_field][\/et_pb_contact_form][et_pb_text content_tablet=&#8221;<\/p>\n<p><strong>Voxmed Medical Communications, LLC<\/strong><\/p>\n<ul>\n<li>675 VFW Parkway #232<\/li>\n<li>Chestnut Hill, MA &#8211; 02467<\/li>\n<li>Telefone: +1 (617) 564-0919<\/li>\n<li>Fax: + 1 (570) 227-4144<\/li>\n<\/ul>\n<p>&#8221; content_phone=&#8221;<\/p>\n<p><strong>Voxmed Medical Communications, LLC<\/strong><\/p>\n<ul>\n<li>675 VFW Parkway #232<\/li>\n<li>Chestnut Hill, MA &#8211; 02467<\/li>\n<li>Telefone: +1 (617) 564-0919<\/li>\n<li>Fax: + 1 (570) 227-4144<\/li>\n<\/ul>\n<p>&#8221; content_last_edited=&#8221;on|desktop&#8221; _builder_version=&#8221;4.16&#8243; text_font_size=&#8221;16px&#8221; min_height=&#8221;117px&#8221; custom_margin=&#8221;17px||-50px||false|false&#8221; text_font_size_tablet=&#8221;&#8221; text_font_size_phone=&#8221;&#8221; text_font_size_last_edited=&#8221;on|phone&#8221; global_colors_info=&#8221;{}&#8221;][\/et_pb_text][\/et_pb_column][\/et_pb_row][\/et_pb_section]\n","protected":false},"excerpt":{"rendered":"<p>Entre em contato conosco ou solicite uma proposta atrav\u00e9s do formul\u00e1rio abaixo<\/p>\n","protected":false},"author":1,"featured_media":0,"parent":0,"menu_order":0,"comment_status":"closed","ping_status":"closed","template":"","meta":{"_et_pb_use_builder":"on","_et_pb_old_content":"","_et_gb_content_width":"","footnotes":""},"class_list":["post-4997","page","type-page","status-publish","hentry"],"yoast_head":"<!-- This site is optimized with the Yoast SEO plugin v27.4 - https:\/\/yoast.com\/product\/yoast-seo-wordpress\/ -->\n<title>Voxmed<\/title>\n<meta name=\"robots\" content=\"noindex, nofollow\" \/>\n<meta property=\"og:locale\" content=\"pt_BR\" \/>\n<meta property=\"og:type\" content=\"article\" \/>\n<meta property=\"og:title\" content=\"Voxmed\" \/>\n<meta property=\"og:description\" content=\"Entre em contato conosco ou solicite uma proposta atrav\u00e9s do formul\u00e1rio abaixo\" \/>\n<meta property=\"og:url\" content=\"https:\/\/www.voxmed.com.br\/voxmed\/contato-2-2\/\" \/>\n<meta property=\"og:site_name\" content=\"Voxmed\" \/>\n<meta property=\"article:modified_time\" content=\"2023-05-23T13:38:47+00:00\" \/>\n<meta name=\"twitter:label1\" content=\"Est. tempo de leitura\" \/>\n\t<meta name=\"twitter:data1\" content=\"6 minutos\" \/>\n<script type=\"application\/ld+json\" class=\"yoast-schema-graph\">{\"@context\":\"https:\\\/\\\/schema.org\",\"@graph\":[{\"@type\":\"WebPage\",\"@id\":\"https:\\\/\\\/www.voxmed.com.br\\\/voxmed\\\/contato-2-2\\\/\",\"url\":\"https:\\\/\\\/www.voxmed.com.br\\\/voxmed\\\/contato-2-2\\\/\",\"name\":\"Voxmed\",\"isPartOf\":{\"@id\":\"https:\\\/\\\/www.voxmed.com.br\\\/voxmed\\\/#website\"},\"datePublished\":\"2020-03-12T17:49:47+00:00\",\"dateModified\":\"2023-05-23T13:38:47+00:00\",\"breadcrumb\":{\"@id\":\"https:\\\/\\\/www.voxmed.com.br\\\/voxmed\\\/contato-2-2\\\/#breadcrumb\"},\"inLanguage\":\"pt-BR\",\"potentialAction\":[{\"@type\":\"ReadAction\",\"target\":[\"https:\\\/\\\/www.voxmed.com.br\\\/voxmed\\\/contato-2-2\\\/\"]}]},{\"@type\":\"BreadcrumbList\",\"@id\":\"https:\\\/\\\/www.voxmed.com.br\\\/voxmed\\\/contato-2-2\\\/#breadcrumb\",\"itemListElement\":[{\"@type\":\"ListItem\",\"position\":1,\"name\":\"Home\",\"item\":\"https:\\\/\\\/www.voxmed.com.br\\\/voxmed\\\/\"},{\"@type\":\"ListItem\",\"position\":2,\"name\":\"Solicita\u00e7\u00e3o de or\u00e7amento\"}]},{\"@type\":\"WebSite\",\"@id\":\"https:\\\/\\\/www.voxmed.com.br\\\/voxmed\\\/#website\",\"url\":\"https:\\\/\\\/www.voxmed.com.br\\\/voxmed\\\/\",\"name\":\"Voxmed\",\"description\":\"Clear medical communications to help move science forward\",\"potentialAction\":[{\"@type\":\"SearchAction\",\"target\":{\"@type\":\"EntryPoint\",\"urlTemplate\":\"https:\\\/\\\/www.voxmed.com.br\\\/voxmed\\\/?s={search_term_string}\"},\"query-input\":{\"@type\":\"PropertyValueSpecification\",\"valueRequired\":true,\"valueName\":\"search_term_string\"}}],\"inLanguage\":\"pt-BR\"}]}<\/script>\n<!-- \/ Yoast SEO plugin. -->","yoast_head_json":{"title":"Voxmed","robots":{"index":"noindex","follow":"nofollow"},"og_locale":"pt_BR","og_type":"article","og_title":"Voxmed","og_description":"Entre em contato conosco ou solicite uma proposta atrav\u00e9s do formul\u00e1rio abaixo","og_url":"https:\/\/www.voxmed.com.br\/voxmed\/contato-2-2\/","og_site_name":"Voxmed","article_modified_time":"2023-05-23T13:38:47+00:00","twitter_misc":{"Est. tempo de leitura":"6 minutos"},"schema":{"@context":"https:\/\/schema.org","@graph":[{"@type":"WebPage","@id":"https:\/\/www.voxmed.com.br\/voxmed\/contato-2-2\/","url":"https:\/\/www.voxmed.com.br\/voxmed\/contato-2-2\/","name":"Voxmed","isPartOf":{"@id":"https:\/\/www.voxmed.com.br\/voxmed\/#website"},"datePublished":"2020-03-12T17:49:47+00:00","dateModified":"2023-05-23T13:38:47+00:00","breadcrumb":{"@id":"https:\/\/www.voxmed.com.br\/voxmed\/contato-2-2\/#breadcrumb"},"inLanguage":"pt-BR","potentialAction":[{"@type":"ReadAction","target":["https:\/\/www.voxmed.com.br\/voxmed\/contato-2-2\/"]}]},{"@type":"BreadcrumbList","@id":"https:\/\/www.voxmed.com.br\/voxmed\/contato-2-2\/#breadcrumb","itemListElement":[{"@type":"ListItem","position":1,"name":"Home","item":"https:\/\/www.voxmed.com.br\/voxmed\/"},{"@type":"ListItem","position":2,"name":"Solicita\u00e7\u00e3o de or\u00e7amento"}]},{"@type":"WebSite","@id":"https:\/\/www.voxmed.com.br\/voxmed\/#website","url":"https:\/\/www.voxmed.com.br\/voxmed\/","name":"Voxmed","description":"Clear medical communications to help move science forward","potentialAction":[{"@type":"SearchAction","target":{"@type":"EntryPoint","urlTemplate":"https:\/\/www.voxmed.com.br\/voxmed\/?s={search_term_string}"},"query-input":{"@type":"PropertyValueSpecification","valueRequired":true,"valueName":"search_term_string"}}],"inLanguage":"pt-BR"}]}},"_links":{"self":[{"href":"https:\/\/www.voxmed.com.br\/voxmed\/wp-json\/wp\/v2\/pages\/4997","targetHints":{"allow":["GET"]}}],"collection":[{"href":"https:\/\/www.voxmed.com.br\/voxmed\/wp-json\/wp\/v2\/pages"}],"about":[{"href":"https:\/\/www.voxmed.com.br\/voxmed\/wp-json\/wp\/v2\/types\/page"}],"author":[{"embeddable":true,"href":"https:\/\/www.voxmed.com.br\/voxmed\/wp-json\/wp\/v2\/users\/1"}],"replies":[{"embeddable":true,"href":"https:\/\/www.voxmed.com.br\/voxmed\/wp-json\/wp\/v2\/comments?post=4997"}],"version-history":[{"count":52,"href":"https:\/\/www.voxmed.com.br\/voxmed\/wp-json\/wp\/v2\/pages\/4997\/revisions"}],"predecessor-version":[{"id":6435,"href":"https:\/\/www.voxmed.com.br\/voxmed\/wp-json\/wp\/v2\/pages\/4997\/revisions\/6435"}],"wp:attachment":[{"href":"https:\/\/www.voxmed.com.br\/voxmed\/wp-json\/wp\/v2\/media?parent=4997"}],"curies":[{"name":"wp","href":"https:\/\/api.w.org\/{rel}","templated":true}]}}