{"id":5132,"date":"2020-03-13T18:10:52","date_gmt":"2020-03-13T18:10:52","guid":{"rendered":"https:\/\/www.voxmed.com.br\/voxmed\/?page_id=5132"},"modified":"2025-08-19T01:53:08","modified_gmt":"2025-08-19T01:53:08","slug":"analise-critica-de-manuscrito-cientifico","status":"publish","type":"page","link":"https:\/\/www.voxmed.com.br\/voxmed\/analise-critica-de-manuscrito-cientifico\/","title":{"rendered":"An\u00e1lise cr\u00edtica de manuscrito cient\u00edfico"},"content":{"rendered":"[et_pb_section fb_built=&#8221;1&#8243; _builder_version=&#8221;4.16&#8243; global_colors_info=&#8221;{}&#8221;][et_pb_row _builder_version=&#8221;4.16&#8243; module_alignment=&#8221;center&#8221; global_colors_info=&#8221;{}&#8221;][et_pb_column type=&#8221;4_4&#8243; _builder_version=&#8221;4.16&#8243; global_colors_info=&#8221;{}&#8221;][et_pb_post_title meta=&#8221;off&#8221; featured_image=&#8221;off&#8221; _builder_version=&#8221;4.16&#8243; title_text_align=&#8221;center&#8221; title_font_size=&#8221;34px&#8221; global_colors_info=&#8221;{}&#8221;][\/et_pb_post_title][\/et_pb_column][\/et_pb_row][et_pb_row column_structure=&#8221;1_2,1_2&#8243; _builder_version=&#8221;4.16&#8243; custom_padding=&#8221;||0px|||&#8221; global_colors_info=&#8221;{}&#8221;][et_pb_column type=&#8221;1_2&#8243; _builder_version=&#8221;4.16&#8243; custom_padding=&#8221;23px||||false|false&#8221; global_colors_info=&#8221;{}&#8221;][et_pb_text _builder_version=&#8221;4.16&#8243; text_font_size=&#8221;15px&#8221; global_colors_info=&#8221;{}&#8221;]\n<p>A an\u00e1lise cr\u00edtica \u00e9 um servi\u00e7o exclusivo oferecido pela Voxmed para melhorar a apresenta\u00e7\u00e3o das informa\u00e7\u00f5es e aumentar as chances de publica\u00e7\u00e3o de artigos cient\u00edficos.<\/p>\n<p>A an\u00e1lise consiste em uma leitura detalhada do manuscrito com foco na organiza\u00e7\u00e3o, conte\u00fado, apresenta\u00e7\u00e3o e consist\u00eancia das informa\u00e7\u00f5es no resumo, texto principal e tabelas\/figuras. O manuscrito retorna para o autor com sugest\u00f5es para melhorias.<\/p>\n<p><span style=\"font-size: 15px;\"><\/span><\/p>\n<p><span style=\"font-size: 15px;\">\u00a0<\/span><\/p>\n<p><span style=\"font-size: 15px;\"><\/span><\/p>\n<p>&nbsp;<\/p>\n[\/et_pb_text][\/et_pb_column][et_pb_column type=&#8221;1_2&#8243; _builder_version=&#8221;4.16&#8243; global_colors_info=&#8221;{}&#8221;][et_pb_text _builder_version=&#8221;4.16&#8243; global_colors_info=&#8221;{}&#8221;]\n<h2 style=\"text-align: center;\">Etapas da An\u00e1lise Cr\u00edtica<\/h2>\n[\/et_pb_text][et_pb_toggle title=&#8221;Passo 1: An\u00e1lise Cr\u00edtica (editor)&#8221; open_toggle_text_color=&#8221;#474747&#8243; open_toggle_background_color=&#8221;#ffffff&#8221; closed_toggle_background_color=&#8221;#00343c&#8221; icon_color=&#8221;#b3b3b3&#8243; open_icon_color=&#8221;#b3b3b3&#8243; _builder_version=&#8221;4.16&#8243; title_text_color=&#8221;#ffffff&#8221; background_color=&#8221;#19566B&#8221; custom_margin=&#8221;||-1px||false|false&#8221; global_colors_info=&#8221;{}&#8221;]\n<p>O editor realiza uma leitura detalhada do manuscrito e anota sugest\u00f5es para melhorias do texto. O manuscrito com as sugest\u00f5es do editor retorna para o autor.<\/p>\n[\/et_pb_toggle][et_pb_toggle title=&#8221;Passo 2: Esclarecimento de d\u00favidas (autor e editor)&#8221; open_toggle_text_color=&#8221;#474747&#8243; open_toggle_background_color=&#8221;#ffffff&#8221; closed_toggle_background_color=&#8221;#71ABB1&#8243; icon_color=&#8221;#b3b3b3&#8243; open_icon_color=&#8221;#b3b3b3&#8243; _builder_version=&#8221;4.16&#8243; title_text_color=&#8221;#ffffff&#8221; background_color=&#8221;#3C8CAE&#8221; custom_margin=&#8221;||-1px||false|false&#8221; custom_padding=&#8221;||||false|false&#8221; global_colors_info=&#8221;{}&#8221;]\n<p>Editor e autor esclarecem eventuais d\u00favidas por e-mail ou confer\u00eancia de \u00e1udio.<\/p>\n<p>Autor realiza as modifica\u00e7\u00f5es necess\u00e1rias e retorna o manuscrito para finaliza\u00e7\u00e3o.\u00a0\u00a0<\/p>\n[\/et_pb_toggle][et_pb_toggle title=&#8221;Passo 3: Modifica\u00e7\u00f5es no manuscrito (autor)&#8221; open_toggle_text_color=&#8221;#474747&#8243; closed_toggle_background_color=&#8221;#19566B&#8221; icon_color=&#8221;#b3b3b3&#8243; open_icon_color=&#8221;#b3b3b3&#8243; _builder_version=&#8221;4.16&#8243; title_text_color=&#8221;#ffffff&#8221; global_colors_info=&#8221;{}&#8221;]\n<p>O autor aceita ou n\u00e3o as sugest\u00f5es propostas e realiza as modifica\u00e7\u00f5es no texto.\u00a0<\/p>\n[\/et_pb_toggle][et_pb_toggle title=&#8221;Passo 4: Nova an\u00e1lise (se aplic\u00e1vel)&#8221; open_toggle_text_color=&#8221;#474747&#8243; _builder_version=&#8221;4.16&#8243; custom_margin=&#8221;-28px|||||&#8221; global_colors_info=&#8221;{}&#8221;]\n<p>Se ap\u00f3s realizarem modifica\u00e7\u00f5es no manuscrito os autores identificarem que uma nova an\u00e1lise \u00e9 necess\u00e1ria, devem solicitar a abertura de novo trabalho.\u00a0\u00a0<\/p>\n[\/et_pb_toggle][\/et_pb_column][\/et_pb_row][et_pb_row _builder_version=&#8221;4.16&#8243; global_colors_info=&#8221;{}&#8221;][et_pb_column type=&#8221;4_4&#8243; _builder_version=&#8221;4.16&#8243; global_colors_info=&#8221;{}&#8221;][\/et_pb_column][\/et_pb_row][et_pb_row column_structure=&#8221;3_5,2_5&#8243; _builder_version=&#8221;4.16&#8243; global_colors_info=&#8221;{}&#8221;][et_pb_column type=&#8221;3_5&#8243; _builder_version=&#8221;4.16&#8243; global_colors_info=&#8221;{}&#8221;][et_pb_image src=&#8221;https:\/\/www.voxmed.com.br\/voxmed\/wp-content\/uploads\/2020\/03\/Exemplo-an\u00e1lise-cr\u00edtica-artigo-cient\u00edfico-manuscrito-m\u00e9dico.png&#8221; _builder_version=&#8221;4.16&#8243; border_width_all=&#8221;1px&#8221; border_color_all=&#8221;#d6d6d6&#8243; box_shadow_style=&#8221;preset3&#8243; global_colors_info=&#8221;{}&#8221;][\/et_pb_image][\/et_pb_column][et_pb_column type=&#8221;2_5&#8243; _builder_version=&#8221;4.16&#8243; global_colors_info=&#8221;{}&#8221;][et_pb_text _builder_version=&#8221;4.16&#8243; text_font_size=&#8221;16px&#8221; custom_margin=&#8221;56px||||false|false&#8221; global_colors_info=&#8221;{}&#8221;]\n<p>Sugest\u00f5es do editor para melhorias no manuscrito s\u00e3o inseridas em bal\u00f5es de coment\u00e1rios. Os coment\u00e1rios s\u00e3o enviados aos autores, que decidem se devem ou n\u00e3o realizar as modifica\u00e7\u00f5es.<\/p>\n[\/et_pb_text][\/et_pb_column][\/et_pb_row][et_pb_row _builder_version=&#8221;4.16&#8243; global_colors_info=&#8221;{}&#8221;][et_pb_column type=&#8221;4_4&#8243; _builder_version=&#8221;4.16&#8243; global_colors_info=&#8221;{}&#8221;][et_pb_text _builder_version=&#8221;4.16&#8243; text_font_size=&#8221;15px&#8221; global_colors_info=&#8221;{}&#8221;]\n<blockquote>\n<p><span><\/span><\/p>\n<p><span><\/span><strong>Termos e condi\u00e7\u00f5es<\/strong><\/p>\n<p><span>Sugest\u00f5es de mudan\u00e7as de conte\u00fado que sejam eventualmente aceitas pelos autores e incorporadas \u00e0 vers\u00e3o final do manuscrito constituem uma contribui\u00e7\u00e3o intelectual ao manuscrito. De acordo com princ\u00edpios \u00e9ticos correntes sobre transpar\u00eancia em publica\u00e7\u00f5es cient\u00edficas estabelecidos pelo ICMJE e adotado pela maioria das revistas m\u00e9dicas, tais contribui\u00e7\u00f5es devem ser identificadas \u00e0 publica\u00e7\u00e3o do manuscrito na se\u00e7\u00e3o de agradecimentos. Ao escolher este servi\u00e7o, os autores concordam com a adi\u00e7\u00e3o da seguinte informa\u00e7\u00e3o na se\u00e7\u00e3o de Acknowledgments: \u201cWe thank (nome dos profissionais\/empresa) for critically reviewing and suggesting improvements to the manuscript\u201d. IMPORTANTE: Este servi\u00e7o n\u00e3o \u00e9 uma revis\u00e3o pareada ou uma garantia de publica\u00e7\u00e3o.<\/span><\/p>\n<\/blockquote>\n[\/et_pb_text][et_pb_text _builder_version=&#8221;4.16&#8243; text_font_size=&#8221;16px&#8221; custom_padding=&#8221;1px|||||&#8221; global_colors_info=&#8221;{}&#8221;]\n<p style=\"text-align: left;\">O servi\u00e7o de an\u00e1lise cr\u00edtica \u00e9 realizado por editores com mais de 20 anos de experi\u00eancia em publica\u00e7\u00f5es na \u00e1rea m\u00e9dica. Todas as sugest\u00f5es s\u00e3o baseadas nas regras de estilo estabelecidas pela <strong><em>American Medical Association<\/em><\/strong> (<a href=\"https:\/\/www.amamanualofstyle.com\/\" target=\"_blank\" rel=\"noopener noreferrer\">AMA<\/a>) e <strong><em>American Psychological Association<\/em><\/strong> (<a href=\"https:\/\/apastyle.apa.org\/\" target=\"_blank\" rel=\"noopener noreferrer\">APA<\/a>) e est\u00e3o alinhadas com as recomenda\u00e7\u00f5es \u00e9ticas do <strong>International Committee of Medical Journal Editors<\/strong> (<a href=\"http:\/\/www.icmje.org\/recommendations\/browse\/roles-and-responsibilities\/defining-the-role-of-authors-and-contributors.html\" target=\"_blank\" rel=\"noopener noreferrer\">ICMJE<\/a>).<\/p>\n[\/et_pb_text][et_pb_button button_url=&#8221;https:\/\/www.voxmed.com.br\/voxmed\/contato-2-2\/&#8221; button_text=&#8221;Solicite um or\u00e7amento&#8221; button_alignment=&#8221;center&#8221; _builder_version=&#8221;4.16&#8243; custom_button=&#8221;on&#8221; button_bg_color=&#8221;#1A333C&#8221; background_layout=&#8221;dark&#8221; custom_padding=&#8221;0px|||||&#8221; global_colors_info=&#8221;{}&#8221;][\/et_pb_button][\/et_pb_column][\/et_pb_row][\/et_pb_section]\n","protected":false},"excerpt":{"rendered":"<p>A an\u00e1lise cr\u00edtica \u00e9 um servi\u00e7o exclusivo oferecido pela Voxmed para melhorar a apresenta\u00e7\u00e3o das informa\u00e7\u00f5es e aumentar as chances de publica\u00e7\u00e3o de artigos cient\u00edficos. A an\u00e1lise consiste em uma leitura detalhada do manuscrito com foco na organiza\u00e7\u00e3o, conte\u00fado, apresenta\u00e7\u00e3o e consist\u00eancia das informa\u00e7\u00f5es no resumo, texto principal e tabelas\/figuras. O manuscrito retorna para o [&hellip;]<\/p>\n","protected":false},"author":1,"featured_media":0,"parent":0,"menu_order":0,"comment_status":"closed","ping_status":"closed","template":"","meta":{"_et_pb_use_builder":"on","_et_pb_old_content":"","_et_gb_content_width":"","footnotes":""},"class_list":["post-5132","page","type-page","status-publish","hentry"],"yoast_head":"<!-- This site is optimized with the Yoast SEO plugin v27.4 - https:\/\/yoast.com\/product\/yoast-seo-wordpress\/ -->\n<title>Voxmed<\/title>\n<meta name=\"robots\" content=\"index, follow, max-snippet:-1, max-image-preview:large, max-video-preview:-1\" \/>\n<link rel=\"canonical\" href=\"https:\/\/www.voxmed.com.br\/voxmed\/analise-critica-de-manuscrito-cientifico\/\" \/>\n<meta property=\"og:locale\" content=\"pt_BR\" \/>\n<meta property=\"og:type\" content=\"article\" \/>\n<meta property=\"og:title\" content=\"Voxmed\" \/>\n<meta property=\"og:description\" content=\"A an\u00e1lise cr\u00edtica \u00e9 um servi\u00e7o exclusivo oferecido pela Voxmed para melhorar a apresenta\u00e7\u00e3o das informa\u00e7\u00f5es e aumentar as chances de publica\u00e7\u00e3o de artigos cient\u00edficos. A an\u00e1lise consiste em uma leitura detalhada do manuscrito com foco na organiza\u00e7\u00e3o, conte\u00fado, apresenta\u00e7\u00e3o e consist\u00eancia das informa\u00e7\u00f5es no resumo, texto principal e tabelas\/figuras. O manuscrito retorna para o [&hellip;]\" \/>\n<meta property=\"og:url\" content=\"https:\/\/www.voxmed.com.br\/voxmed\/analise-critica-de-manuscrito-cientifico\/\" \/>\n<meta property=\"og:site_name\" content=\"Voxmed\" \/>\n<meta property=\"article:modified_time\" content=\"2025-08-19T01:53:08+00:00\" \/>\n<meta name=\"twitter:label1\" content=\"Est. tempo de leitura\" \/>\n\t<meta name=\"twitter:data1\" content=\"5 minutos\" \/>\n<script type=\"application\/ld+json\" class=\"yoast-schema-graph\">{\"@context\":\"https:\\\/\\\/schema.org\",\"@graph\":[{\"@type\":\"WebPage\",\"@id\":\"https:\\\/\\\/www.voxmed.com.br\\\/voxmed\\\/analise-critica-de-manuscrito-cientifico\\\/\",\"url\":\"https:\\\/\\\/www.voxmed.com.br\\\/voxmed\\\/analise-critica-de-manuscrito-cientifico\\\/\",\"name\":\"Voxmed\",\"isPartOf\":{\"@id\":\"https:\\\/\\\/www.voxmed.com.br\\\/voxmed\\\/#website\"},\"datePublished\":\"2020-03-13T18:10:52+00:00\",\"dateModified\":\"2025-08-19T01:53:08+00:00\",\"breadcrumb\":{\"@id\":\"https:\\\/\\\/www.voxmed.com.br\\\/voxmed\\\/analise-critica-de-manuscrito-cientifico\\\/#breadcrumb\"},\"inLanguage\":\"pt-BR\",\"potentialAction\":[{\"@type\":\"ReadAction\",\"target\":[\"https:\\\/\\\/www.voxmed.com.br\\\/voxmed\\\/analise-critica-de-manuscrito-cientifico\\\/\"]}]},{\"@type\":\"BreadcrumbList\",\"@id\":\"https:\\\/\\\/www.voxmed.com.br\\\/voxmed\\\/analise-critica-de-manuscrito-cientifico\\\/#breadcrumb\",\"itemListElement\":[{\"@type\":\"ListItem\",\"position\":1,\"name\":\"Home\",\"item\":\"https:\\\/\\\/www.voxmed.com.br\\\/voxmed\\\/\"},{\"@type\":\"ListItem\",\"position\":2,\"name\":\"An\u00e1lise cr\u00edtica de manuscrito cient\u00edfico\"}]},{\"@type\":\"WebSite\",\"@id\":\"https:\\\/\\\/www.voxmed.com.br\\\/voxmed\\\/#website\",\"url\":\"https:\\\/\\\/www.voxmed.com.br\\\/voxmed\\\/\",\"name\":\"Voxmed\",\"description\":\"Clear medical communications to help move science forward\",\"potentialAction\":[{\"@type\":\"SearchAction\",\"target\":{\"@type\":\"EntryPoint\",\"urlTemplate\":\"https:\\\/\\\/www.voxmed.com.br\\\/voxmed\\\/?s={search_term_string}\"},\"query-input\":{\"@type\":\"PropertyValueSpecification\",\"valueRequired\":true,\"valueName\":\"search_term_string\"}}],\"inLanguage\":\"pt-BR\"}]}<\/script>\n<!-- \/ Yoast SEO plugin. -->","yoast_head_json":{"title":"Voxmed","robots":{"index":"index","follow":"follow","max-snippet":"max-snippet:-1","max-image-preview":"max-image-preview:large","max-video-preview":"max-video-preview:-1"},"canonical":"https:\/\/www.voxmed.com.br\/voxmed\/analise-critica-de-manuscrito-cientifico\/","og_locale":"pt_BR","og_type":"article","og_title":"Voxmed","og_description":"A an\u00e1lise cr\u00edtica \u00e9 um servi\u00e7o exclusivo oferecido pela Voxmed para melhorar a apresenta\u00e7\u00e3o das informa\u00e7\u00f5es e aumentar as chances de publica\u00e7\u00e3o de artigos cient\u00edficos. A an\u00e1lise consiste em uma leitura detalhada do manuscrito com foco na organiza\u00e7\u00e3o, conte\u00fado, apresenta\u00e7\u00e3o e consist\u00eancia das informa\u00e7\u00f5es no resumo, texto principal e tabelas\/figuras. O manuscrito retorna para o [&hellip;]","og_url":"https:\/\/www.voxmed.com.br\/voxmed\/analise-critica-de-manuscrito-cientifico\/","og_site_name":"Voxmed","article_modified_time":"2025-08-19T01:53:08+00:00","twitter_misc":{"Est. tempo de leitura":"5 minutos"},"schema":{"@context":"https:\/\/schema.org","@graph":[{"@type":"WebPage","@id":"https:\/\/www.voxmed.com.br\/voxmed\/analise-critica-de-manuscrito-cientifico\/","url":"https:\/\/www.voxmed.com.br\/voxmed\/analise-critica-de-manuscrito-cientifico\/","name":"Voxmed","isPartOf":{"@id":"https:\/\/www.voxmed.com.br\/voxmed\/#website"},"datePublished":"2020-03-13T18:10:52+00:00","dateModified":"2025-08-19T01:53:08+00:00","breadcrumb":{"@id":"https:\/\/www.voxmed.com.br\/voxmed\/analise-critica-de-manuscrito-cientifico\/#breadcrumb"},"inLanguage":"pt-BR","potentialAction":[{"@type":"ReadAction","target":["https:\/\/www.voxmed.com.br\/voxmed\/analise-critica-de-manuscrito-cientifico\/"]}]},{"@type":"BreadcrumbList","@id":"https:\/\/www.voxmed.com.br\/voxmed\/analise-critica-de-manuscrito-cientifico\/#breadcrumb","itemListElement":[{"@type":"ListItem","position":1,"name":"Home","item":"https:\/\/www.voxmed.com.br\/voxmed\/"},{"@type":"ListItem","position":2,"name":"An\u00e1lise cr\u00edtica de manuscrito cient\u00edfico"}]},{"@type":"WebSite","@id":"https:\/\/www.voxmed.com.br\/voxmed\/#website","url":"https:\/\/www.voxmed.com.br\/voxmed\/","name":"Voxmed","description":"Clear medical communications to help move science forward","potentialAction":[{"@type":"SearchAction","target":{"@type":"EntryPoint","urlTemplate":"https:\/\/www.voxmed.com.br\/voxmed\/?s={search_term_string}"},"query-input":{"@type":"PropertyValueSpecification","valueRequired":true,"valueName":"search_term_string"}}],"inLanguage":"pt-BR"}]}},"_links":{"self":[{"href":"https:\/\/www.voxmed.com.br\/voxmed\/wp-json\/wp\/v2\/pages\/5132","targetHints":{"allow":["GET"]}}],"collection":[{"href":"https:\/\/www.voxmed.com.br\/voxmed\/wp-json\/wp\/v2\/pages"}],"about":[{"href":"https:\/\/www.voxmed.com.br\/voxmed\/wp-json\/wp\/v2\/types\/page"}],"author":[{"embeddable":true,"href":"https:\/\/www.voxmed.com.br\/voxmed\/wp-json\/wp\/v2\/users\/1"}],"replies":[{"embeddable":true,"href":"https:\/\/www.voxmed.com.br\/voxmed\/wp-json\/wp\/v2\/comments?post=5132"}],"version-history":[{"count":35,"href":"https:\/\/www.voxmed.com.br\/voxmed\/wp-json\/wp\/v2\/pages\/5132\/revisions"}],"predecessor-version":[{"id":6499,"href":"https:\/\/www.voxmed.com.br\/voxmed\/wp-json\/wp\/v2\/pages\/5132\/revisions\/6499"}],"wp:attachment":[{"href":"https:\/\/www.voxmed.com.br\/voxmed\/wp-json\/wp\/v2\/media?parent=5132"}],"curies":[{"name":"wp","href":"https:\/\/api.w.org\/{rel}","templated":true}]}}