{"id":6504,"date":"2025-08-19T20:50:03","date_gmt":"2025-08-19T20:50:03","guid":{"rendered":"https:\/\/www.voxmed.com.br\/voxmed\/?page_id=6504"},"modified":"2025-08-19T22:15:00","modified_gmt":"2025-08-19T22:15:00","slug":"contato-certificacao-manuscritos-aceitos-para-publicacao","status":"publish","type":"page","link":"https:\/\/www.voxmed.com.br\/voxmed\/contato-certificacao-manuscritos-aceitos-para-publicacao\/","title":{"rendered":"Contato Certifica\u00e7\u00e3o (Manuscritos Aceitos para Publica\u00e7\u00e3o)"},"content":{"rendered":"[et_pb_section fb_built=&#8221;1&#8243; _builder_version=&#8221;4.27.4&#8243; _module_preset=&#8221;default&#8221; global_colors_info=&#8221;{}&#8221;][et_pb_row _builder_version=&#8221;4.27.4&#8243; _module_preset=&#8221;default&#8221; global_colors_info=&#8221;{}&#8221;][et_pb_column type=&#8221;4_4&#8243; _builder_version=&#8221;4.27.4&#8243; _module_preset=&#8221;default&#8221; global_colors_info=&#8221;{}&#8221;][et_pb_text _builder_version=&#8221;4.27.4&#8243; _module_preset=&#8221;default&#8221; header_font_size=&#8221;34px&#8221; global_colors_info=&#8221;{}&#8221;]\n<h1 style=\"text-align: center;\">Processo de Certifica\u00e7\u00e3o<\/h1>\n[\/et_pb_text][\/et_pb_column][\/et_pb_row][et_pb_row _builder_version=&#8221;4.27.4&#8243; _module_preset=&#8221;default&#8221; custom_margin=&#8221;-20px|auto||auto||&#8221; global_colors_info=&#8221;{}&#8221;][et_pb_column type=&#8221;4_4&#8243; _builder_version=&#8221;4.27.4&#8243; _module_preset=&#8221;default&#8221; global_colors_info=&#8221;{}&#8221;][et_pb_text _builder_version=&#8221;4.27.4&#8243; _module_preset=&#8221;default&#8221; global_colors_info=&#8221;{}&#8221;]\n<p data-start=\"162\" data-end=\"286\">O servi\u00e7o de certifica\u00e7\u00e3o oferecido pela <strong data-start=\"203\" data-end=\"213\">Voxmed<\/strong> aplica-se exclusivamente a manuscritos <strong data-start=\"253\" data-end=\"283\">j\u00e1 aceitos para publica\u00e7\u00e3o<\/strong>. Para manuscritos ainda n\u00e3o submetidos, certificados tamb\u00e9m podem ser emitidos mediante solicita\u00e7\u00e3o do cliente, sendo entregues juntamente com o texto revisado ou traduzido pela Voxmed.<\/p>\n<p data-start=\"476\" data-end=\"666\">O processo de certifica\u00e7\u00e3o tem como objetivo assegurar \u00e0s revistas que a reda\u00e7\u00e3o em ingl\u00eas atende aos padr\u00f5es lingu\u00edsticos exigidos, garantindo <strong data-start=\"620\" data-end=\"663\">clareza, precis\u00e3o e qualidade editorial<\/strong>.<\/p>\n<p data-start=\"668\" data-end=\"935\">Ao final da revis\u00e3o, o autor recebe um <strong data-start=\"707\" data-end=\"730\">certificado oficial<\/strong>, confirmando que o manuscrito est\u00e1 pronto para publica\u00e7\u00e3o, sem necessidade de novas revis\u00f5es lingu\u00edsticas. Esse certificado pode ser solicitado pela revista como etapa final antes da produ\u00e7\u00e3o do artigo.<\/p>\n<p data-start=\"937\" data-end=\"1155\">O valor da certifica\u00e7\u00e3o \u00e9 de <strong data-start=\"966\" data-end=\"991\">USD $24,50 por p\u00e1gina<\/strong> (refer\u00eancias e espa\u00e7os em branco n\u00e3o s\u00e3o contabilizados). O certificado e o manuscrito revisado s\u00e3o entregues em at\u00e9 <strong data-start=\"1109\" data-end=\"1120\">10 dias<\/strong> ap\u00f3s a confirma\u00e7\u00e3o do pagamento.<\/p>\n[\/et_pb_text][\/et_pb_column][\/et_pb_row][et_pb_row _builder_version=&#8221;4.27.4&#8243; _module_preset=&#8221;default&#8221; global_colors_info=&#8221;{}&#8221;][et_pb_column type=&#8221;4_4&#8243; _builder_version=&#8221;4.27.4&#8243; _module_preset=&#8221;default&#8221; global_colors_info=&#8221;{}&#8221;][et_pb_text _builder_version=&#8221;4.27.4&#8243; _module_preset=&#8221;default&#8221; global_colors_info=&#8221;{}&#8221;]\n<h2 data-start=\"102\" data-end=\"154\" style=\"text-align: center;\"><strong>Como solicitar a certifica\u00e7\u00e3o do seu manuscrito<\/strong><\/h2>\n<p data-start=\"156\" data-end=\"204\" style=\"text-align: center;\">Voc\u00ea pode escolher entre duas formas de envio:<\/p>\n[\/et_pb_text][\/et_pb_column][\/et_pb_row][et_pb_row column_structure=&#8221;1_2,1_2&#8243; _builder_version=&#8221;4.27.4&#8243; _module_preset=&#8221;default&#8221; global_colors_info=&#8221;{}&#8221;][et_pb_column type=&#8221;1_2&#8243; _builder_version=&#8221;4.27.4&#8243; _module_preset=&#8221;default&#8221; global_colors_info=&#8221;{}&#8221;][et_pb_text _builder_version=&#8221;4.27.4&#8243; _module_preset=&#8221;default&#8221; global_colors_info=&#8221;{}&#8221;]\n<h3 data-start=\"206\" data-end=\"275\" style=\"text-align: center;\"><strong data-start=\"210\" data-end=\"273\">Op\u00e7\u00e3o 1 \u2013 Pagamento direto pelo site <\/strong><\/h3>\n<h3 data-start=\"206\" data-end=\"275\" style=\"text-align: center;\"><strong data-start=\"210\" data-end=\"273\">(finaliza\u00e7\u00e3o imediata)<\/strong><\/h3>\n<p><strong>O Autor: <\/strong><\/p>\n<ul>\n<li>Calcula o n\u00famero de p\u00e1ginas do manuscrito conforme instru\u00e7\u00f5es.<\/li>\n<li>Efetua a submiss\u00e3o do material.<\/li>\n<li>Realiza o pagamento diretamente no site.<\/li>\n<\/ul>\n<p><strong>A Voxmed:<\/strong><\/p>\n<ul>\n<li>Entrega o manuscrito revisado e o certificado em at\u00e9 10 dias ap\u00f3s o pagamento.<\/li>\n<\/ul>\n[\/et_pb_text][et_pb_button button_url=&#8221;https:\/\/www.voxmed.com.br\/voxmed\/opcao-1-pagamento-direto-pelo-site-finalizacao-imediata\/&#8221; button_text=&#8221;Escolher esta op\u00e7\u00e3o&#8221; button_alignment=&#8221;center&#8221; _builder_version=&#8221;4.27.4&#8243; _module_preset=&#8221;default&#8221; custom_button=&#8221;on&#8221; button_text_color=&#8221;#FFFFFF&#8221; button_bg_color=&#8221;#000000&#8243; hover_enabled=&#8221;0&#8243; global_colors_info=&#8221;{}&#8221; sticky_enabled=&#8221;0&#8243;][\/et_pb_button][\/et_pb_column][et_pb_column type=&#8221;1_2&#8243; _builder_version=&#8221;4.27.4&#8243; _module_preset=&#8221;default&#8221; global_colors_info=&#8221;{}&#8221;][et_pb_text _builder_version=&#8221;4.27.4&#8243; _module_preset=&#8221;default&#8221; custom_padding=&#8221;2px|||||&#8221; global_colors_info=&#8221;{}&#8221;]\n<h3 data-start=\"811\" data-end=\"889\" style=\"text-align: center;\"><strong data-start=\"815\" data-end=\"887\">Op\u00e7\u00e3o 2 \u2013 Or\u00e7amento enviado pela Voxmed <\/strong><\/h3>\n<h3 data-start=\"811\" data-end=\"889\" style=\"text-align: center;\"><strong data-start=\"815\" data-end=\"887\">(finaliza\u00e7\u00e3o em at\u00e9 48 horas)<\/strong><\/h3>\n<p><strong>O Autor:<\/strong><\/p>\n<ul>\n<li>Envia o manuscrito completo para a Voxmed.<\/li>\n<li>Efetua o pagamento ap\u00f3s receber a fatura.<\/li>\n<\/ul>\n<p><strong>A Voxmed:<\/strong><\/p>\n<ul>\n<li>Calcula o n\u00famero de p\u00e1ginas e prepara a fatura.<\/li>\n<li>Entrega o manuscrito revisado e o certificado em at\u00e9 10 dias ap\u00f3s o pagamento.<\/li>\n<\/ul>\n<h3 data-start=\"811\" data-end=\"889\"><\/h3>\n[\/et_pb_text][et_pb_button button_text=&#8221;Escolher esta op\u00e7\u00e3o&#8221; button_alignment=&#8221;center&#8221; _builder_version=&#8221;4.27.4&#8243; _module_preset=&#8221;default&#8221; custom_button=&#8221;on&#8221; button_text_color=&#8221;#FFFFFF&#8221; button_bg_color=&#8221;#000000&#8243; hover_enabled=&#8221;0&#8243; global_colors_info=&#8221;{}&#8221; button_url=&#8221;https:\/\/www.voxmed.com.br\/voxmed\/opcao-2-orcamento-enviado-pela-voxmed\/&#8221; sticky_enabled=&#8221;0&#8243;][\/et_pb_button][\/et_pb_column][\/et_pb_row][\/et_pb_section]\n","protected":false},"excerpt":{"rendered":"<p>Processo de Certifica\u00e7\u00e3oO servi\u00e7o de certifica\u00e7\u00e3o oferecido pela Voxmed aplica-se exclusivamente a manuscritos j\u00e1 aceitos para publica\u00e7\u00e3o. Para manuscritos ainda n\u00e3o submetidos, certificados tamb\u00e9m podem ser emitidos mediante solicita\u00e7\u00e3o do cliente, sendo entregues juntamente com o texto revisado ou traduzido pela Voxmed. O processo de certifica\u00e7\u00e3o tem como objetivo assegurar \u00e0s revistas que a reda\u00e7\u00e3o [&hellip;]<\/p>\n","protected":false},"author":1,"featured_media":0,"parent":0,"menu_order":0,"comment_status":"closed","ping_status":"closed","template":"","meta":{"_et_pb_use_builder":"on","_et_pb_old_content":"","_et_gb_content_width":"","footnotes":""},"class_list":["post-6504","page","type-page","status-publish","hentry"],"yoast_head":"<!-- This site is optimized with the Yoast SEO plugin v27.4 - https:\/\/yoast.com\/product\/yoast-seo-wordpress\/ -->\n<title>Voxmed<\/title>\n<meta name=\"robots\" content=\"index, follow, max-snippet:-1, max-image-preview:large, max-video-preview:-1\" \/>\n<link rel=\"canonical\" href=\"https:\/\/www.voxmed.com.br\/voxmed\/contato-certificacao-manuscritos-aceitos-para-publicacao\/\" \/>\n<meta property=\"og:locale\" content=\"pt_BR\" \/>\n<meta property=\"og:type\" content=\"article\" \/>\n<meta property=\"og:title\" content=\"Voxmed\" \/>\n<meta property=\"og:description\" content=\"Processo de Certifica\u00e7\u00e3oO servi\u00e7o de certifica\u00e7\u00e3o oferecido pela Voxmed aplica-se exclusivamente a manuscritos j\u00e1 aceitos para publica\u00e7\u00e3o. Para manuscritos ainda n\u00e3o submetidos, certificados tamb\u00e9m podem ser emitidos mediante solicita\u00e7\u00e3o do cliente, sendo entregues juntamente com o texto revisado ou traduzido pela Voxmed. O processo de certifica\u00e7\u00e3o tem como objetivo assegurar \u00e0s revistas que a reda\u00e7\u00e3o [&hellip;]\" \/>\n<meta property=\"og:url\" content=\"https:\/\/www.voxmed.com.br\/voxmed\/contato-certificacao-manuscritos-aceitos-para-publicacao\/\" \/>\n<meta property=\"og:site_name\" content=\"Voxmed\" \/>\n<meta property=\"article:modified_time\" content=\"2025-08-19T22:15:00+00:00\" \/>\n<meta name=\"twitter:label1\" content=\"Est. tempo de leitura\" \/>\n\t<meta name=\"twitter:data1\" content=\"2 minutos\" \/>\n<script type=\"application\/ld+json\" class=\"yoast-schema-graph\">{\"@context\":\"https:\\\/\\\/schema.org\",\"@graph\":[{\"@type\":\"WebPage\",\"@id\":\"https:\\\/\\\/www.voxmed.com.br\\\/voxmed\\\/contato-certificacao-manuscritos-aceitos-para-publicacao\\\/\",\"url\":\"https:\\\/\\\/www.voxmed.com.br\\\/voxmed\\\/contato-certificacao-manuscritos-aceitos-para-publicacao\\\/\",\"name\":\"Voxmed\",\"isPartOf\":{\"@id\":\"https:\\\/\\\/www.voxmed.com.br\\\/voxmed\\\/#website\"},\"datePublished\":\"2025-08-19T20:50:03+00:00\",\"dateModified\":\"2025-08-19T22:15:00+00:00\",\"breadcrumb\":{\"@id\":\"https:\\\/\\\/www.voxmed.com.br\\\/voxmed\\\/contato-certificacao-manuscritos-aceitos-para-publicacao\\\/#breadcrumb\"},\"inLanguage\":\"pt-BR\",\"potentialAction\":[{\"@type\":\"ReadAction\",\"target\":[\"https:\\\/\\\/www.voxmed.com.br\\\/voxmed\\\/contato-certificacao-manuscritos-aceitos-para-publicacao\\\/\"]}]},{\"@type\":\"BreadcrumbList\",\"@id\":\"https:\\\/\\\/www.voxmed.com.br\\\/voxmed\\\/contato-certificacao-manuscritos-aceitos-para-publicacao\\\/#breadcrumb\",\"itemListElement\":[{\"@type\":\"ListItem\",\"position\":1,\"name\":\"Home\",\"item\":\"https:\\\/\\\/www.voxmed.com.br\\\/voxmed\\\/\"},{\"@type\":\"ListItem\",\"position\":2,\"name\":\"Contato Certifica\u00e7\u00e3o (Manuscritos Aceitos para Publica\u00e7\u00e3o)\"}]},{\"@type\":\"WebSite\",\"@id\":\"https:\\\/\\\/www.voxmed.com.br\\\/voxmed\\\/#website\",\"url\":\"https:\\\/\\\/www.voxmed.com.br\\\/voxmed\\\/\",\"name\":\"Voxmed\",\"description\":\"Clear medical communications to help move science forward\",\"potentialAction\":[{\"@type\":\"SearchAction\",\"target\":{\"@type\":\"EntryPoint\",\"urlTemplate\":\"https:\\\/\\\/www.voxmed.com.br\\\/voxmed\\\/?s={search_term_string}\"},\"query-input\":{\"@type\":\"PropertyValueSpecification\",\"valueRequired\":true,\"valueName\":\"search_term_string\"}}],\"inLanguage\":\"pt-BR\"}]}<\/script>\n<!-- \/ Yoast SEO plugin. -->","yoast_head_json":{"title":"Voxmed","robots":{"index":"index","follow":"follow","max-snippet":"max-snippet:-1","max-image-preview":"max-image-preview:large","max-video-preview":"max-video-preview:-1"},"canonical":"https:\/\/www.voxmed.com.br\/voxmed\/contato-certificacao-manuscritos-aceitos-para-publicacao\/","og_locale":"pt_BR","og_type":"article","og_title":"Voxmed","og_description":"Processo de Certifica\u00e7\u00e3oO servi\u00e7o de certifica\u00e7\u00e3o oferecido pela Voxmed aplica-se exclusivamente a manuscritos j\u00e1 aceitos para publica\u00e7\u00e3o. Para manuscritos ainda n\u00e3o submetidos, certificados tamb\u00e9m podem ser emitidos mediante solicita\u00e7\u00e3o do cliente, sendo entregues juntamente com o texto revisado ou traduzido pela Voxmed. O processo de certifica\u00e7\u00e3o tem como objetivo assegurar \u00e0s revistas que a reda\u00e7\u00e3o [&hellip;]","og_url":"https:\/\/www.voxmed.com.br\/voxmed\/contato-certificacao-manuscritos-aceitos-para-publicacao\/","og_site_name":"Voxmed","article_modified_time":"2025-08-19T22:15:00+00:00","twitter_misc":{"Est. tempo de leitura":"2 minutos"},"schema":{"@context":"https:\/\/schema.org","@graph":[{"@type":"WebPage","@id":"https:\/\/www.voxmed.com.br\/voxmed\/contato-certificacao-manuscritos-aceitos-para-publicacao\/","url":"https:\/\/www.voxmed.com.br\/voxmed\/contato-certificacao-manuscritos-aceitos-para-publicacao\/","name":"Voxmed","isPartOf":{"@id":"https:\/\/www.voxmed.com.br\/voxmed\/#website"},"datePublished":"2025-08-19T20:50:03+00:00","dateModified":"2025-08-19T22:15:00+00:00","breadcrumb":{"@id":"https:\/\/www.voxmed.com.br\/voxmed\/contato-certificacao-manuscritos-aceitos-para-publicacao\/#breadcrumb"},"inLanguage":"pt-BR","potentialAction":[{"@type":"ReadAction","target":["https:\/\/www.voxmed.com.br\/voxmed\/contato-certificacao-manuscritos-aceitos-para-publicacao\/"]}]},{"@type":"BreadcrumbList","@id":"https:\/\/www.voxmed.com.br\/voxmed\/contato-certificacao-manuscritos-aceitos-para-publicacao\/#breadcrumb","itemListElement":[{"@type":"ListItem","position":1,"name":"Home","item":"https:\/\/www.voxmed.com.br\/voxmed\/"},{"@type":"ListItem","position":2,"name":"Contato Certifica\u00e7\u00e3o (Manuscritos Aceitos para Publica\u00e7\u00e3o)"}]},{"@type":"WebSite","@id":"https:\/\/www.voxmed.com.br\/voxmed\/#website","url":"https:\/\/www.voxmed.com.br\/voxmed\/","name":"Voxmed","description":"Clear medical communications to help move science forward","potentialAction":[{"@type":"SearchAction","target":{"@type":"EntryPoint","urlTemplate":"https:\/\/www.voxmed.com.br\/voxmed\/?s={search_term_string}"},"query-input":{"@type":"PropertyValueSpecification","valueRequired":true,"valueName":"search_term_string"}}],"inLanguage":"pt-BR"}]}},"_links":{"self":[{"href":"https:\/\/www.voxmed.com.br\/voxmed\/wp-json\/wp\/v2\/pages\/6504","targetHints":{"allow":["GET"]}}],"collection":[{"href":"https:\/\/www.voxmed.com.br\/voxmed\/wp-json\/wp\/v2\/pages"}],"about":[{"href":"https:\/\/www.voxmed.com.br\/voxmed\/wp-json\/wp\/v2\/types\/page"}],"author":[{"embeddable":true,"href":"https:\/\/www.voxmed.com.br\/voxmed\/wp-json\/wp\/v2\/users\/1"}],"replies":[{"embeddable":true,"href":"https:\/\/www.voxmed.com.br\/voxmed\/wp-json\/wp\/v2\/comments?post=6504"}],"version-history":[{"count":14,"href":"https:\/\/www.voxmed.com.br\/voxmed\/wp-json\/wp\/v2\/pages\/6504\/revisions"}],"predecessor-version":[{"id":6645,"href":"https:\/\/www.voxmed.com.br\/voxmed\/wp-json\/wp\/v2\/pages\/6504\/revisions\/6645"}],"wp:attachment":[{"href":"https:\/\/www.voxmed.com.br\/voxmed\/wp-json\/wp\/v2\/media?parent=6504"}],"curies":[{"name":"wp","href":"https:\/\/api.w.org\/{rel}","templated":true}]}}