{"id":6512,"date":"2025-08-19T17:32:59","date_gmt":"2025-08-19T17:32:59","guid":{"rendered":"https:\/\/www.voxmed.com.br\/voxmed\/?page_id=6512"},"modified":"2025-08-22T02:00:15","modified_gmt":"2025-08-22T02:00:15","slug":"opcao-1-pagamento-direto-pelo-site-finalizacao-imediata","status":"publish","type":"page","link":"https:\/\/www.voxmed.com.br\/voxmed\/opcao-1-pagamento-direto-pelo-site-finalizacao-imediata\/","title":{"rendered":"Op\u00e7\u00e3o 1 \u2013 Pagamento direto pelo site (finaliza\u00e7\u00e3o imediata)"},"content":{"rendered":"[et_pb_section fb_built=&#8221;1&#8243; _builder_version=&#8221;4.27.4&#8243; _module_preset=&#8221;default&#8221; custom_padding=&#8221;||20px|||&#8221; global_colors_info=&#8221;{}&#8221;][et_pb_row _builder_version=&#8221;4.27.4&#8243; _module_preset=&#8221;default&#8221; min_height=&#8221;550.6px&#8221; custom_margin=&#8221;|auto|-36px|auto||&#8221; global_colors_info=&#8221;{}&#8221;][et_pb_column type=&#8221;4_4&#8243; _builder_version=&#8221;4.27.4&#8243; _module_preset=&#8221;default&#8221; global_colors_info=&#8221;{}&#8221;][et_pb_post_title meta=&#8221;off&#8221; featured_image=&#8221;off&#8221; _builder_version=&#8221;4.27.4&#8243; _module_preset=&#8221;default&#8221; title_text_align=&#8221;center&#8221; title_font_size=&#8221;34px&#8221; text_orientation=&#8221;center&#8221; global_colors_info=&#8221;{}&#8221;][\/et_pb_post_title][et_pb_text _builder_version=&#8221;4.27.4&#8243; _module_preset=&#8221;default&#8221; global_colors_info=&#8221;{}&#8221;]\n<h3 data-start=\"91\" data-end=\"143\">Como proceder:<\/h3>\n<ul>\n<li>Re\u00fana todos os componentes do manuscrito em <strong>um \u00fanico arquivo em formato .docx (Word)<\/strong>, com exce\u00e7\u00e3o das refer\u00eancias, que dever\u00e3o ser inseridas diretamente no formul\u00e1rio abaixo.\n<ul>\n<li style=\"list-style-type: none;\">\n<ul>\n<li>Recomendamos baixar o manuscrito e seus componentes diretamente do <strong data-start=\"397\" data-end=\"432\">sistema de submiss\u00e3o da revista<\/strong>, a fim de evitar o envio de vers\u00f5es incorretas.<\/li>\n<li>Arquivos em <strong data-start=\"523\" data-end=\"531\">.pdf<\/strong> gerados pelo sistema de submiss\u00e3o n\u00e3o poder\u00e3o ser aceitos, mesmo que convertidos para <strong data-start=\"594\" data-end=\"603\">.docx<\/strong>, pois a convers\u00e3o altera a formata\u00e7\u00e3o e pode introduzir erros.<\/li>\n<li>Lembre-se de incluir folha de rosto, resumo, texto principal, tabelas e figuras (se houver) e material suplementar (se houver).<\/li>\n<\/ul>\n<\/li>\n<\/ul>\n<\/li>\n<li>Certifique-se que todo o conte\u00fado do documento esteja em fonte <strong>Arial<\/strong> ou <strong>Times New Roman<\/strong>, <strong>tamanho 12 pt <\/strong>e\u00a0com <strong>espa\u00e7amento de linha 1,5<\/strong>.<strong data-start=\"839\" data-end=\"858\"><br \/><\/strong><\/li>\n<li>Remova espa\u00e7os em branco desnecess\u00e1rios (por exemplo, quebras de p\u00e1gina entre a folha de rosto e o resumo) e organize o arquivo inserindo no m\u00e1ximo <strong>duas figuras por p\u00e1gina.<\/strong><strong data-start=\"839\" data-end=\"858\"><\/strong><\/li>\n<li>Salve o documento de prefer\u00eancia utilizando o<span>\u00a0<\/span><strong data-start=\"891\" data-end=\"918\">c\u00f3digo de identifica\u00e7\u00e3o<\/strong><span>\u00a0<\/span>gerado pelo sistema de submiss\u00e3o, que vincula o manuscrito \u00e0 sua revista.<\/li>\n<li>Calcule o <strong>n\u00famero de p\u00e1ginas<\/strong> do documento final gerado.<\/li>\n<li>Preencha o formul\u00e1rio abaixo e clique em <strong>Enviar<\/strong> para encaminhar o manuscrito para nossa equipe.<\/li>\n<li>Efetue o <strong>pagamento<\/strong> utilizando o <strong>link<\/strong> dispon\u00edvel logo abaixo do formul\u00e1rio.<\/li>\n<\/ul>\n[\/et_pb_text][\/et_pb_column][\/et_pb_row][et_pb_row _builder_version=&#8221;4.27.4&#8243; _module_preset=&#8221;default&#8221; custom_margin=&#8221;|auto|-48px|auto||&#8221; custom_padding=&#8221;||35px|||&#8221; global_colors_info=&#8221;{}&#8221;][et_pb_column type=&#8221;4_4&#8243; _builder_version=&#8221;4.27.4&#8243; _module_preset=&#8221;default&#8221; global_colors_info=&#8221;{}&#8221;][et_pb_text _builder_version=&#8221;4.27.4&#8243; _module_preset=&#8221;default&#8221; min_height=&#8221;434.6px&#8221; custom_padding=&#8221;0px|||||&#8221; global_colors_info=&#8221;{}&#8221;]\n\n<div class=\"wpcf7 no-js\" id=\"wpcf7-f6526-o1\" lang=\"pt-BR\" dir=\"ltr\" data-wpcf7-id=\"6526\">\n<div class=\"screen-reader-response\"><p role=\"status\" aria-live=\"polite\" aria-atomic=\"true\"><\/p> <ul><\/ul><\/div>\n<form action=\"\/voxmed\/wp-json\/wp\/v2\/pages\/6512#wpcf7-f6526-o1\" method=\"post\" class=\"wpcf7-form init\" aria-label=\"Formul\u00e1rios de contato\" enctype=\"multipart\/form-data\" novalidate=\"novalidate\" data-status=\"init\">\n<fieldset class=\"hidden-fields-container\"><input type=\"hidden\" name=\"_wpcf7\" value=\"6526\" \/><input type=\"hidden\" name=\"_wpcf7_version\" value=\"6.1.4\" \/><input type=\"hidden\" name=\"_wpcf7_locale\" value=\"pt_BR\" \/><input type=\"hidden\" name=\"_wpcf7_unit_tag\" value=\"wpcf7-f6526-o1\" \/><input type=\"hidden\" name=\"_wpcf7_container_post\" value=\"0\" \/><input type=\"hidden\" name=\"_wpcf7_posted_data_hash\" value=\"\" \/>\n<\/fieldset>\n<p><label> Seu nome completo<br \/>\n<span class=\"wpcf7-form-control-wrap\" data-name=\"your-name\"><input size=\"40\" maxlength=\"400\" class=\"wpcf7-form-control wpcf7-text wpcf7-validates-as-required\" autocomplete=\"name\" aria-required=\"true\" aria-invalid=\"false\" value=\"\" type=\"text\" name=\"your-name\" \/><\/span> <\/label>\n<\/p>\n<p><label> Seu e-mail<br \/>\n<span class=\"wpcf7-form-control-wrap\" data-name=\"your-email\"><input size=\"40\" maxlength=\"400\" class=\"wpcf7-form-control wpcf7-email wpcf7-validates-as-required wpcf7-text wpcf7-validates-as-email\" autocomplete=\"email\" aria-required=\"true\" aria-invalid=\"false\" value=\"\" type=\"email\" name=\"your-email\" \/><\/span> <\/label>\n<\/p>\n<p><label> Nome da revista<br \/>\n<span class=\"wpcf7-form-control-wrap\" data-name=\"revista\"><input size=\"40\" maxlength=\"400\" class=\"wpcf7-form-control wpcf7-text wpcf7-validates-as-required\" aria-required=\"true\" aria-invalid=\"false\" value=\"\" type=\"text\" name=\"revista\" \/><\/span> <\/label>\n<\/p>\n<p><label> Anexe aqui o documento gerado do manuscrito (limite 10 MB) <\/label>\n<\/p>\n<p><span class=\"wpcf7-form-control-wrap\" data-name=\"file-450\"><input size=\"40\" class=\"wpcf7-form-control wpcf7-file wpcf7-validates-as-required\" accept=\".doc,.docx\" aria-required=\"true\" aria-invalid=\"false\" type=\"file\" name=\"file-450\" \/><\/span>\n<\/p>\n<p><label> Indique o n\u00famero de p\u00e1ginas no documento anexado <\/label><br \/>\n<span class=\"wpcf7-form-control-wrap\" data-name=\"number-353\"><input class=\"wpcf7-form-control wpcf7-number wpcf7-validates-as-required wpcf7-validates-as-number\" min=\"1\" max=\"50\" aria-required=\"true\" aria-invalid=\"false\" value=\"10\" type=\"number\" name=\"number-353\" \/><\/span>\n<\/p>\n<p><label> Cole aqui as refer\u00eancias<br \/>\n<span class=\"wpcf7-form-control-wrap\" data-name=\"references\"><textarea cols=\"40\" rows=\"10\" maxlength=\"2000\" class=\"wpcf7-form-control wpcf7-textarea\" aria-invalid=\"false\" name=\"references\"><\/textarea><\/span> <\/label>\n<\/p>\n<p><label> Mensagem (opcional)<br \/>\n<span class=\"wpcf7-form-control-wrap\" data-name=\"your-message\"><textarea cols=\"40\" rows=\"10\" maxlength=\"2000\" class=\"wpcf7-form-control wpcf7-textarea\" aria-invalid=\"false\" name=\"your-message\"><\/textarea><\/span> <\/label>\n<\/p>\n<p><input class=\"wpcf7-form-control wpcf7-submit has-spinner\" type=\"submit\" value=\"Enviar\" \/>\n<\/p><p style=\"display: none !important;\" class=\"akismet-fields-container\" data-prefix=\"_wpcf7_ak_\"><label>&#916;<textarea name=\"_wpcf7_ak_hp_textarea\" cols=\"45\" rows=\"8\" maxlength=\"100\"><\/textarea><\/label><input type=\"hidden\" id=\"ak_js_1\" name=\"_wpcf7_ak_js\" value=\"94\"\/><script>document.getElementById( \"ak_js_1\" ).setAttribute( \"value\", ( new Date() ).getTime() );<\/script><\/p><div class=\"wpcf7-response-output\" aria-hidden=\"true\"><\/div>\n<\/form>\n<\/div>\n\n[\/et_pb_text][\/et_pb_column][\/et_pb_row][et_pb_row _builder_version=&#8221;4.27.4&#8243; _module_preset=&#8221;default&#8221; global_colors_info=&#8221;{}&#8221;][et_pb_column type=&#8221;4_4&#8243; _builder_version=&#8221;4.27.4&#8243; _module_preset=&#8221;default&#8221; global_colors_info=&#8221;{}&#8221;][et_pb_text _builder_version=&#8221;4.27.4&#8243; _module_preset=&#8221;default&#8221; custom_padding=&#8221;||4px|||&#8221; global_colors_info=&#8221;{}&#8221;]\n<p><strong>Pagamento<\/strong><\/p>\n<p>Ao clicar no bot\u00e3o abaixo, voc\u00ea ser\u00e1 redirecionado para a p\u00e1gina de pagamentos do <strong>PayPal.\u00a0<\/strong>No campo Quantity (ou Quantidade), indique o n\u00famero de p\u00e1ginas a serem inclu\u00eddas na certifica\u00e7\u00e3o e conclua o pagamento.<\/p>\n[\/et_pb_text][et_pb_button button_url=&#8221;https:\/\/www.paypal.com\/ncp\/payment\/PT8RRUKYN3ZM6&#8243; url_new_window=&#8221;on&#8221; button_text=&#8221;Efetuar o Pagamento&#8221; button_alignment=&#8221;center&#8221; _builder_version=&#8221;4.27.4&#8243; _module_preset=&#8221;default&#8221; custom_button=&#8221;on&#8221; button_text_color=&#8221;#FFFFFF&#8221; button_bg_color=&#8221;#000000&#8243; background_layout=&#8221;dark&#8221; global_colors_info=&#8221;{}&#8221;][\/et_pb_button][et_pb_text _builder_version=&#8221;4.27.4&#8243; _module_preset=&#8221;default&#8221; global_colors_info=&#8221;{}&#8221;]\n<p>Nossa equipe confirmar\u00e1 o recebimento do manuscrito e do pagamento em at\u00e9 24 horas. Caso n\u00e3o encontre esta comunica\u00e7\u00e3o, verifique a\u00a0<strong>caixa de spam<\/strong>. O certificado e o manuscrito revisado ser\u00e3o entregues em at\u00e9\u00a0<strong>10 dias<\/strong> ap\u00f3s o pagamento.\u00a0<\/p>\n<p><strong data-start=\"89\" data-end=\"104\">Importante:<\/strong> em caso de discrep\u00e2ncia entre o n\u00famero de p\u00e1ginas informado pelo cliente e o verificado pela empresa, ser\u00e1 realizado o ajuste do valor \u2014 com cobran\u00e7a complementar ou estorno da diferen\u00e7a \u2014 antes do in\u00edcio do trabalho.<strong><\/strong><\/p>\n<p><strong>D\u00favidas?\u00a0<\/strong>support@voxmed.us.<\/p>\n[\/et_pb_text][\/et_pb_column][\/et_pb_row][\/et_pb_section]\n","protected":false},"excerpt":{"rendered":"<p>Como proceder: Re\u00fana todos os componentes do manuscrito em um \u00fanico arquivo em formato .docx (Word), com exce\u00e7\u00e3o das refer\u00eancias, que dever\u00e3o ser inseridas diretamente no formul\u00e1rio abaixo. Recomendamos baixar o manuscrito e seus componentes diretamente do sistema de submiss\u00e3o da revista, a fim de evitar o envio de vers\u00f5es incorretas. Arquivos em .pdf gerados [&hellip;]<\/p>\n","protected":false},"author":1,"featured_media":0,"parent":0,"menu_order":0,"comment_status":"closed","ping_status":"closed","template":"","meta":{"_et_pb_use_builder":"on","_et_pb_old_content":"","_et_gb_content_width":"","footnotes":""},"class_list":["post-6512","page","type-page","status-publish","hentry"],"yoast_head":"<!-- This site is optimized with the Yoast SEO plugin v27.4 - https:\/\/yoast.com\/product\/yoast-seo-wordpress\/ -->\n<title>Voxmed<\/title>\n<meta name=\"robots\" content=\"index, follow, max-snippet:-1, max-image-preview:large, max-video-preview:-1\" \/>\n<link rel=\"canonical\" href=\"https:\/\/www.voxmed.com.br\/voxmed\/opcao-1-pagamento-direto-pelo-site-finalizacao-imediata\/\" \/>\n<meta property=\"og:locale\" content=\"pt_BR\" \/>\n<meta property=\"og:type\" content=\"article\" \/>\n<meta property=\"og:title\" content=\"Voxmed\" \/>\n<meta property=\"og:description\" content=\"Como proceder: Re\u00fana todos os componentes do manuscrito em um \u00fanico arquivo em formato .docx (Word), com exce\u00e7\u00e3o das refer\u00eancias, que dever\u00e3o ser inseridas diretamente no formul\u00e1rio abaixo. Recomendamos baixar o manuscrito e seus componentes diretamente do sistema de submiss\u00e3o da revista, a fim de evitar o envio de vers\u00f5es incorretas. Arquivos em .pdf gerados [&hellip;]\" \/>\n<meta property=\"og:url\" content=\"https:\/\/www.voxmed.com.br\/voxmed\/opcao-1-pagamento-direto-pelo-site-finalizacao-imediata\/\" \/>\n<meta property=\"og:site_name\" content=\"Voxmed\" \/>\n<meta property=\"article:modified_time\" content=\"2025-08-22T02:00:15+00:00\" \/>\n<meta name=\"twitter:label1\" content=\"Est. tempo de leitura\" \/>\n\t<meta name=\"twitter:data1\" content=\"2 minutos\" \/>\n<script type=\"application\/ld+json\" class=\"yoast-schema-graph\">{\"@context\":\"https:\\\/\\\/schema.org\",\"@graph\":[{\"@type\":\"WebPage\",\"@id\":\"https:\\\/\\\/www.voxmed.com.br\\\/voxmed\\\/opcao-1-pagamento-direto-pelo-site-finalizacao-imediata\\\/\",\"url\":\"https:\\\/\\\/www.voxmed.com.br\\\/voxmed\\\/opcao-1-pagamento-direto-pelo-site-finalizacao-imediata\\\/\",\"name\":\"Voxmed\",\"isPartOf\":{\"@id\":\"https:\\\/\\\/www.voxmed.com.br\\\/voxmed\\\/#website\"},\"datePublished\":\"2025-08-19T17:32:59+00:00\",\"dateModified\":\"2025-08-22T02:00:15+00:00\",\"breadcrumb\":{\"@id\":\"https:\\\/\\\/www.voxmed.com.br\\\/voxmed\\\/opcao-1-pagamento-direto-pelo-site-finalizacao-imediata\\\/#breadcrumb\"},\"inLanguage\":\"pt-BR\",\"potentialAction\":[{\"@type\":\"ReadAction\",\"target\":[\"https:\\\/\\\/www.voxmed.com.br\\\/voxmed\\\/opcao-1-pagamento-direto-pelo-site-finalizacao-imediata\\\/\"]}]},{\"@type\":\"BreadcrumbList\",\"@id\":\"https:\\\/\\\/www.voxmed.com.br\\\/voxmed\\\/opcao-1-pagamento-direto-pelo-site-finalizacao-imediata\\\/#breadcrumb\",\"itemListElement\":[{\"@type\":\"ListItem\",\"position\":1,\"name\":\"Home\",\"item\":\"https:\\\/\\\/www.voxmed.com.br\\\/voxmed\\\/\"},{\"@type\":\"ListItem\",\"position\":2,\"name\":\"Op\u00e7\u00e3o 1 \u2013 Pagamento direto pelo site (finaliza\u00e7\u00e3o imediata)\"}]},{\"@type\":\"WebSite\",\"@id\":\"https:\\\/\\\/www.voxmed.com.br\\\/voxmed\\\/#website\",\"url\":\"https:\\\/\\\/www.voxmed.com.br\\\/voxmed\\\/\",\"name\":\"Voxmed\",\"description\":\"Clear medical communications to help move science forward\",\"potentialAction\":[{\"@type\":\"SearchAction\",\"target\":{\"@type\":\"EntryPoint\",\"urlTemplate\":\"https:\\\/\\\/www.voxmed.com.br\\\/voxmed\\\/?s={search_term_string}\"},\"query-input\":{\"@type\":\"PropertyValueSpecification\",\"valueRequired\":true,\"valueName\":\"search_term_string\"}}],\"inLanguage\":\"pt-BR\"}]}<\/script>\n<!-- \/ Yoast SEO plugin. -->","yoast_head_json":{"title":"Voxmed","robots":{"index":"index","follow":"follow","max-snippet":"max-snippet:-1","max-image-preview":"max-image-preview:large","max-video-preview":"max-video-preview:-1"},"canonical":"https:\/\/www.voxmed.com.br\/voxmed\/opcao-1-pagamento-direto-pelo-site-finalizacao-imediata\/","og_locale":"pt_BR","og_type":"article","og_title":"Voxmed","og_description":"Como proceder: Re\u00fana todos os componentes do manuscrito em um \u00fanico arquivo em formato .docx (Word), com exce\u00e7\u00e3o das refer\u00eancias, que dever\u00e3o ser inseridas diretamente no formul\u00e1rio abaixo. Recomendamos baixar o manuscrito e seus componentes diretamente do sistema de submiss\u00e3o da revista, a fim de evitar o envio de vers\u00f5es incorretas. Arquivos em .pdf gerados [&hellip;]","og_url":"https:\/\/www.voxmed.com.br\/voxmed\/opcao-1-pagamento-direto-pelo-site-finalizacao-imediata\/","og_site_name":"Voxmed","article_modified_time":"2025-08-22T02:00:15+00:00","twitter_misc":{"Est. tempo de leitura":"2 minutos"},"schema":{"@context":"https:\/\/schema.org","@graph":[{"@type":"WebPage","@id":"https:\/\/www.voxmed.com.br\/voxmed\/opcao-1-pagamento-direto-pelo-site-finalizacao-imediata\/","url":"https:\/\/www.voxmed.com.br\/voxmed\/opcao-1-pagamento-direto-pelo-site-finalizacao-imediata\/","name":"Voxmed","isPartOf":{"@id":"https:\/\/www.voxmed.com.br\/voxmed\/#website"},"datePublished":"2025-08-19T17:32:59+00:00","dateModified":"2025-08-22T02:00:15+00:00","breadcrumb":{"@id":"https:\/\/www.voxmed.com.br\/voxmed\/opcao-1-pagamento-direto-pelo-site-finalizacao-imediata\/#breadcrumb"},"inLanguage":"pt-BR","potentialAction":[{"@type":"ReadAction","target":["https:\/\/www.voxmed.com.br\/voxmed\/opcao-1-pagamento-direto-pelo-site-finalizacao-imediata\/"]}]},{"@type":"BreadcrumbList","@id":"https:\/\/www.voxmed.com.br\/voxmed\/opcao-1-pagamento-direto-pelo-site-finalizacao-imediata\/#breadcrumb","itemListElement":[{"@type":"ListItem","position":1,"name":"Home","item":"https:\/\/www.voxmed.com.br\/voxmed\/"},{"@type":"ListItem","position":2,"name":"Op\u00e7\u00e3o 1 \u2013 Pagamento direto pelo site (finaliza\u00e7\u00e3o imediata)"}]},{"@type":"WebSite","@id":"https:\/\/www.voxmed.com.br\/voxmed\/#website","url":"https:\/\/www.voxmed.com.br\/voxmed\/","name":"Voxmed","description":"Clear medical communications to help move science forward","potentialAction":[{"@type":"SearchAction","target":{"@type":"EntryPoint","urlTemplate":"https:\/\/www.voxmed.com.br\/voxmed\/?s={search_term_string}"},"query-input":{"@type":"PropertyValueSpecification","valueRequired":true,"valueName":"search_term_string"}}],"inLanguage":"pt-BR"}]}},"_links":{"self":[{"href":"https:\/\/www.voxmed.com.br\/voxmed\/wp-json\/wp\/v2\/pages\/6512","targetHints":{"allow":["GET"]}}],"collection":[{"href":"https:\/\/www.voxmed.com.br\/voxmed\/wp-json\/wp\/v2\/pages"}],"about":[{"href":"https:\/\/www.voxmed.com.br\/voxmed\/wp-json\/wp\/v2\/types\/page"}],"author":[{"embeddable":true,"href":"https:\/\/www.voxmed.com.br\/voxmed\/wp-json\/wp\/v2\/users\/1"}],"replies":[{"embeddable":true,"href":"https:\/\/www.voxmed.com.br\/voxmed\/wp-json\/wp\/v2\/comments?post=6512"}],"version-history":[{"count":44,"href":"https:\/\/www.voxmed.com.br\/voxmed\/wp-json\/wp\/v2\/pages\/6512\/revisions"}],"predecessor-version":[{"id":6670,"href":"https:\/\/www.voxmed.com.br\/voxmed\/wp-json\/wp\/v2\/pages\/6512\/revisions\/6670"}],"wp:attachment":[{"href":"https:\/\/www.voxmed.com.br\/voxmed\/wp-json\/wp\/v2\/media?parent=6512"}],"curies":[{"name":"wp","href":"https:\/\/api.w.org\/{rel}","templated":true}]}}