{"id":6566,"date":"2025-08-19T22:06:16","date_gmt":"2025-08-19T22:06:16","guid":{"rendered":"https:\/\/www.voxmed.com.br\/voxmed\/?page_id=6566"},"modified":"2025-08-19T22:06:42","modified_gmt":"2025-08-19T22:06:42","slug":"opcao-2-orcamento-enviado-pela-voxmed","status":"publish","type":"page","link":"https:\/\/www.voxmed.com.br\/voxmed\/opcao-2-orcamento-enviado-pela-voxmed\/","title":{"rendered":"Op\u00e7\u00e3o 2 \u2013 Or\u00e7amento enviado pela Voxmed"},"content":{"rendered":"[et_pb_section fb_built=&#8221;1&#8243; _builder_version=&#8221;4.27.4&#8243; _module_preset=&#8221;default&#8221; global_colors_info=&#8221;{}&#8221;][et_pb_row _builder_version=&#8221;4.27.4&#8243; _module_preset=&#8221;default&#8221; global_colors_info=&#8221;{}&#8221;][et_pb_column type=&#8221;4_4&#8243; _builder_version=&#8221;4.27.4&#8243; _module_preset=&#8221;default&#8221; global_colors_info=&#8221;{}&#8221;][et_pb_text _builder_version=&#8221;4.27.4&#8243; _module_preset=&#8221;default&#8221; text_font_size=&#8221;34px&#8221; header_font_size=&#8221;34px&#8221; text_orientation=&#8221;center&#8221; global_colors_info=&#8221;{}&#8221;]\n<h1 data-start=\"811\" data-end=\"889\" style=\"text-align: center;\">Op\u00e7\u00e3o 2 \u2013 Or\u00e7amento enviado pela Voxmed<\/h1>\n<h1 data-start=\"811\" data-end=\"889\" style=\"text-align: center;\">(finaliza\u00e7\u00e3o em at\u00e9 48 horas)<\/h1>\n[\/et_pb_text][\/et_pb_column][\/et_pb_row][et_pb_row _builder_version=&#8221;4.27.4&#8243; _module_preset=&#8221;default&#8221; global_colors_info=&#8221;{}&#8221;][et_pb_column type=&#8221;4_4&#8243; _builder_version=&#8221;4.27.4&#8243; _module_preset=&#8221;default&#8221; global_colors_info=&#8221;{}&#8221;][et_pb_text _builder_version=&#8221;4.27.4&#8243; _module_preset=&#8221;default&#8221; hover_enabled=&#8221;0&#8243; global_colors_info=&#8221;{}&#8221; sticky_enabled=&#8221;0&#8243;]\n<h3 data-start=\"91\" data-end=\"143\">Como proceder:<\/h3>\n<ul>\n<li>Re\u00fana todos os componentes do manuscrito em <strong>um \u00fanico arquivo em formato .docx (Word)<\/strong>, com exce\u00e7\u00e3o das refer\u00eancias, que dever\u00e3o ser inseridas diretamente no formul\u00e1rio abaixo.\n<ul>\n<li style=\"list-style-type: none;\">\n<ul>\n<li>Recomendamos baixar o manuscrito e seus componentes diretamente do <strong data-start=\"397\" data-end=\"432\">sistema de submiss\u00e3o da revista<\/strong>, a fim de evitar o envio de vers\u00f5es incorretas.<\/li>\n<li>N\u00e3o aceitamos arquivos em <strong data-start=\"523\" data-end=\"531\">.pdf<\/strong> gerados pelo sistema de submiss\u00e3o, mesmo que convertidos para <strong data-start=\"594\" data-end=\"603\">.docx<\/strong>, pois a convers\u00e3o altera a formata\u00e7\u00e3o e pode introduzir erros.<\/li>\n<li>Lembre-se de incluir folha de rosto, resumo, texto principal, tabelas e figuras (se houver) e material suplementar (se houver).<\/li>\n<\/ul>\n<\/li>\n<\/ul>\n<\/li>\n<\/ul>\n<ul>\n<li>Nomeie o documento de prefer\u00eancia utilizando o<span>\u00a0<\/span><strong data-start=\"891\" data-end=\"918\">c\u00f3digo de identifica\u00e7\u00e3o<\/strong><span>\u00a0<\/span>gerado pelo sistema de submiss\u00e3o, que vincula o manuscrito \u00e0 sua revista.<\/li>\n<\/ul>\n<ul>\n<li>Preencha o formul\u00e1rio abaixo e clique em <strong>Enviar<\/strong> para encaminhar o manuscrito para nossa equipe.<\/li>\n<\/ul>\n<p><strong data-start=\"222\" data-end=\"237\">Importante:<\/strong> nossa equipe responde a todas as mensagens em at\u00e9 <strong data-start=\"288\" data-end=\"300\">48 horas<\/strong>. Caso n\u00e3o encontre a resposta, verifique a <strong data-start=\"344\" data-end=\"361\" data-is-only-node=\"\">caixa de spam<\/strong>.<strong><\/strong><\/p>\n<p><strong>D\u00favidas?<\/strong>\u00a0<a href=\"mailto:support@voxmed.us\">support@voxmed.us<\/a>.<\/p>\n<p>&nbsp;<\/p>\n[\/et_pb_text][\/et_pb_column][\/et_pb_row][et_pb_row _builder_version=&#8221;4.27.4&#8243; _module_preset=&#8221;default&#8221; custom_margin=&#8221;-32px|auto||auto||&#8221; custom_padding=&#8221;6px|||||&#8221; global_colors_info=&#8221;{}&#8221;][et_pb_column type=&#8221;4_4&#8243; _builder_version=&#8221;4.27.4&#8243; _module_preset=&#8221;default&#8221; global_colors_info=&#8221;{}&#8221;][et_pb_text _builder_version=&#8221;4.27.4&#8243; _module_preset=&#8221;default&#8221; custom_margin=&#8221;-7px|||||&#8221; custom_padding=&#8221;0px|||||&#8221; global_colors_info=&#8221;{}&#8221;]\n\n<div class=\"wpcf7 no-js\" id=\"wpcf7-f6570-o1\" lang=\"pt-BR\" dir=\"ltr\" data-wpcf7-id=\"6570\">\n<div class=\"screen-reader-response\"><p role=\"status\" aria-live=\"polite\" aria-atomic=\"true\"><\/p> <ul><\/ul><\/div>\n<form action=\"\/voxmed\/wp-json\/wp\/v2\/pages\/6566#wpcf7-f6570-o1\" method=\"post\" class=\"wpcf7-form init\" aria-label=\"Formul\u00e1rios de contato\" enctype=\"multipart\/form-data\" novalidate=\"novalidate\" data-status=\"init\">\n<fieldset class=\"hidden-fields-container\"><input type=\"hidden\" name=\"_wpcf7\" value=\"6570\" \/><input type=\"hidden\" name=\"_wpcf7_version\" value=\"6.1.4\" \/><input type=\"hidden\" name=\"_wpcf7_locale\" value=\"pt_BR\" \/><input type=\"hidden\" name=\"_wpcf7_unit_tag\" value=\"wpcf7-f6570-o1\" \/><input type=\"hidden\" name=\"_wpcf7_container_post\" value=\"0\" \/><input type=\"hidden\" name=\"_wpcf7_posted_data_hash\" value=\"\" \/>\n<\/fieldset>\n<p><label> Seu nome completo<br \/>\n<span class=\"wpcf7-form-control-wrap\" data-name=\"your-name\"><input size=\"40\" maxlength=\"400\" class=\"wpcf7-form-control wpcf7-text wpcf7-validates-as-required\" autocomplete=\"name\" aria-required=\"true\" aria-invalid=\"false\" value=\"\" type=\"text\" name=\"your-name\" \/><\/span> <\/label>\n<\/p>\n<p><label> Seu e-mail<br \/>\n<span class=\"wpcf7-form-control-wrap\" data-name=\"your-email\"><input size=\"40\" maxlength=\"400\" class=\"wpcf7-form-control wpcf7-email wpcf7-validates-as-required wpcf7-text wpcf7-validates-as-email\" autocomplete=\"email\" aria-required=\"true\" aria-invalid=\"false\" value=\"\" type=\"email\" name=\"your-email\" \/><\/span> <\/label>\n<\/p>\n<p><label> Nome da revista<br \/>\n<span class=\"wpcf7-form-control-wrap\" data-name=\"revista\"><input size=\"40\" maxlength=\"400\" class=\"wpcf7-form-control wpcf7-text wpcf7-validates-as-required\" aria-required=\"true\" aria-invalid=\"false\" value=\"\" type=\"text\" name=\"revista\" \/><\/span> <\/label>\n<\/p>\n<p><label> Anexe aqui o documento gerado do manuscrito (limite 10 MB) <\/label>\n<\/p>\n<p><span class=\"wpcf7-form-control-wrap\" data-name=\"file-450\"><input size=\"40\" class=\"wpcf7-form-control wpcf7-file wpcf7-validates-as-required\" accept=\".doc,.docx\" aria-required=\"true\" aria-invalid=\"false\" type=\"file\" name=\"file-450\" \/><\/span>\n<\/p>\n<p><label> Cole aqui as refer\u00eancias<br \/>\n<span class=\"wpcf7-form-control-wrap\" data-name=\"references\"><textarea cols=\"40\" rows=\"10\" maxlength=\"2000\" class=\"wpcf7-form-control wpcf7-textarea\" aria-invalid=\"false\" name=\"references\"><\/textarea><\/span> <\/label>\n<\/p>\n<p><label> Mensagem (opcional)<br \/>\n<span class=\"wpcf7-form-control-wrap\" data-name=\"your-message\"><textarea cols=\"40\" rows=\"10\" maxlength=\"2000\" class=\"wpcf7-form-control wpcf7-textarea\" aria-invalid=\"false\" name=\"your-message\"><\/textarea><\/span> <\/label>\n<\/p>\n<p><input class=\"wpcf7-form-control wpcf7-submit has-spinner\" type=\"submit\" value=\"Enviar\" \/>\n<\/p><p style=\"display: none !important;\" class=\"akismet-fields-container\" data-prefix=\"_wpcf7_ak_\"><label>&#916;<textarea name=\"_wpcf7_ak_hp_textarea\" cols=\"45\" rows=\"8\" maxlength=\"100\"><\/textarea><\/label><input type=\"hidden\" id=\"ak_js_1\" name=\"_wpcf7_ak_js\" value=\"240\"\/><script>document.getElementById( \"ak_js_1\" ).setAttribute( \"value\", ( new Date() ).getTime() );<\/script><\/p><div class=\"wpcf7-response-output\" aria-hidden=\"true\"><\/div>\n<\/form>\n<\/div>\n\n[\/et_pb_text][\/et_pb_column][\/et_pb_row][\/et_pb_section]\n","protected":false},"excerpt":{"rendered":"<p>Op\u00e7\u00e3o 2 \u2013 Or\u00e7amento enviado pela Voxmed (finaliza\u00e7\u00e3o em at\u00e9 48 horas)Como proceder: Re\u00fana todos os componentes do manuscrito em um \u00fanico arquivo em formato .docx (Word), com exce\u00e7\u00e3o das refer\u00eancias, que dever\u00e3o ser inseridas diretamente no formul\u00e1rio abaixo. Recomendamos baixar o manuscrito e seus componentes diretamente do sistema de submiss\u00e3o da revista, a fim [&hellip;]<\/p>\n","protected":false},"author":1,"featured_media":0,"parent":0,"menu_order":0,"comment_status":"closed","ping_status":"closed","template":"","meta":{"_et_pb_use_builder":"on","_et_pb_old_content":"","_et_gb_content_width":"","footnotes":""},"class_list":["post-6566","page","type-page","status-publish","hentry"],"yoast_head":"<!-- This site is optimized with the Yoast SEO plugin v27.4 - https:\/\/yoast.com\/product\/yoast-seo-wordpress\/ -->\n<title>Voxmed<\/title>\n<meta name=\"robots\" content=\"index, follow, max-snippet:-1, max-image-preview:large, max-video-preview:-1\" \/>\n<link rel=\"canonical\" href=\"https:\/\/www.voxmed.com.br\/voxmed\/opcao-2-orcamento-enviado-pela-voxmed\/\" \/>\n<meta property=\"og:locale\" content=\"pt_BR\" \/>\n<meta property=\"og:type\" content=\"article\" \/>\n<meta property=\"og:title\" content=\"Voxmed\" \/>\n<meta property=\"og:description\" content=\"Op\u00e7\u00e3o 2 \u2013 Or\u00e7amento enviado pela Voxmed (finaliza\u00e7\u00e3o em at\u00e9 48 horas)Como proceder: Re\u00fana todos os componentes do manuscrito em um \u00fanico arquivo em formato .docx (Word), com exce\u00e7\u00e3o das refer\u00eancias, que dever\u00e3o ser inseridas diretamente no formul\u00e1rio abaixo. Recomendamos baixar o manuscrito e seus componentes diretamente do sistema de submiss\u00e3o da revista, a fim [&hellip;]\" \/>\n<meta property=\"og:url\" content=\"https:\/\/www.voxmed.com.br\/voxmed\/opcao-2-orcamento-enviado-pela-voxmed\/\" \/>\n<meta property=\"og:site_name\" content=\"Voxmed\" \/>\n<meta property=\"article:modified_time\" content=\"2025-08-19T22:06:42+00:00\" \/>\n<meta name=\"twitter:label1\" content=\"Est. tempo de leitura\" \/>\n\t<meta name=\"twitter:data1\" content=\"2 minutos\" \/>\n<script type=\"application\/ld+json\" class=\"yoast-schema-graph\">{\"@context\":\"https:\\\/\\\/schema.org\",\"@graph\":[{\"@type\":\"WebPage\",\"@id\":\"https:\\\/\\\/www.voxmed.com.br\\\/voxmed\\\/opcao-2-orcamento-enviado-pela-voxmed\\\/\",\"url\":\"https:\\\/\\\/www.voxmed.com.br\\\/voxmed\\\/opcao-2-orcamento-enviado-pela-voxmed\\\/\",\"name\":\"Voxmed\",\"isPartOf\":{\"@id\":\"https:\\\/\\\/www.voxmed.com.br\\\/voxmed\\\/#website\"},\"datePublished\":\"2025-08-19T22:06:16+00:00\",\"dateModified\":\"2025-08-19T22:06:42+00:00\",\"breadcrumb\":{\"@id\":\"https:\\\/\\\/www.voxmed.com.br\\\/voxmed\\\/opcao-2-orcamento-enviado-pela-voxmed\\\/#breadcrumb\"},\"inLanguage\":\"pt-BR\",\"potentialAction\":[{\"@type\":\"ReadAction\",\"target\":[\"https:\\\/\\\/www.voxmed.com.br\\\/voxmed\\\/opcao-2-orcamento-enviado-pela-voxmed\\\/\"]}]},{\"@type\":\"BreadcrumbList\",\"@id\":\"https:\\\/\\\/www.voxmed.com.br\\\/voxmed\\\/opcao-2-orcamento-enviado-pela-voxmed\\\/#breadcrumb\",\"itemListElement\":[{\"@type\":\"ListItem\",\"position\":1,\"name\":\"Home\",\"item\":\"https:\\\/\\\/www.voxmed.com.br\\\/voxmed\\\/\"},{\"@type\":\"ListItem\",\"position\":2,\"name\":\"Op\u00e7\u00e3o 2 \u2013 Or\u00e7amento enviado pela Voxmed\"}]},{\"@type\":\"WebSite\",\"@id\":\"https:\\\/\\\/www.voxmed.com.br\\\/voxmed\\\/#website\",\"url\":\"https:\\\/\\\/www.voxmed.com.br\\\/voxmed\\\/\",\"name\":\"Voxmed\",\"description\":\"Clear medical communications to help move science forward\",\"potentialAction\":[{\"@type\":\"SearchAction\",\"target\":{\"@type\":\"EntryPoint\",\"urlTemplate\":\"https:\\\/\\\/www.voxmed.com.br\\\/voxmed\\\/?s={search_term_string}\"},\"query-input\":{\"@type\":\"PropertyValueSpecification\",\"valueRequired\":true,\"valueName\":\"search_term_string\"}}],\"inLanguage\":\"pt-BR\"}]}<\/script>\n<!-- \/ Yoast SEO plugin. -->","yoast_head_json":{"title":"Voxmed","robots":{"index":"index","follow":"follow","max-snippet":"max-snippet:-1","max-image-preview":"max-image-preview:large","max-video-preview":"max-video-preview:-1"},"canonical":"https:\/\/www.voxmed.com.br\/voxmed\/opcao-2-orcamento-enviado-pela-voxmed\/","og_locale":"pt_BR","og_type":"article","og_title":"Voxmed","og_description":"Op\u00e7\u00e3o 2 \u2013 Or\u00e7amento enviado pela Voxmed (finaliza\u00e7\u00e3o em at\u00e9 48 horas)Como proceder: Re\u00fana todos os componentes do manuscrito em um \u00fanico arquivo em formato .docx (Word), com exce\u00e7\u00e3o das refer\u00eancias, que dever\u00e3o ser inseridas diretamente no formul\u00e1rio abaixo. Recomendamos baixar o manuscrito e seus componentes diretamente do sistema de submiss\u00e3o da revista, a fim [&hellip;]","og_url":"https:\/\/www.voxmed.com.br\/voxmed\/opcao-2-orcamento-enviado-pela-voxmed\/","og_site_name":"Voxmed","article_modified_time":"2025-08-19T22:06:42+00:00","twitter_misc":{"Est. tempo de leitura":"2 minutos"},"schema":{"@context":"https:\/\/schema.org","@graph":[{"@type":"WebPage","@id":"https:\/\/www.voxmed.com.br\/voxmed\/opcao-2-orcamento-enviado-pela-voxmed\/","url":"https:\/\/www.voxmed.com.br\/voxmed\/opcao-2-orcamento-enviado-pela-voxmed\/","name":"Voxmed","isPartOf":{"@id":"https:\/\/www.voxmed.com.br\/voxmed\/#website"},"datePublished":"2025-08-19T22:06:16+00:00","dateModified":"2025-08-19T22:06:42+00:00","breadcrumb":{"@id":"https:\/\/www.voxmed.com.br\/voxmed\/opcao-2-orcamento-enviado-pela-voxmed\/#breadcrumb"},"inLanguage":"pt-BR","potentialAction":[{"@type":"ReadAction","target":["https:\/\/www.voxmed.com.br\/voxmed\/opcao-2-orcamento-enviado-pela-voxmed\/"]}]},{"@type":"BreadcrumbList","@id":"https:\/\/www.voxmed.com.br\/voxmed\/opcao-2-orcamento-enviado-pela-voxmed\/#breadcrumb","itemListElement":[{"@type":"ListItem","position":1,"name":"Home","item":"https:\/\/www.voxmed.com.br\/voxmed\/"},{"@type":"ListItem","position":2,"name":"Op\u00e7\u00e3o 2 \u2013 Or\u00e7amento enviado pela Voxmed"}]},{"@type":"WebSite","@id":"https:\/\/www.voxmed.com.br\/voxmed\/#website","url":"https:\/\/www.voxmed.com.br\/voxmed\/","name":"Voxmed","description":"Clear medical communications to help move science forward","potentialAction":[{"@type":"SearchAction","target":{"@type":"EntryPoint","urlTemplate":"https:\/\/www.voxmed.com.br\/voxmed\/?s={search_term_string}"},"query-input":{"@type":"PropertyValueSpecification","valueRequired":true,"valueName":"search_term_string"}}],"inLanguage":"pt-BR"}]}},"_links":{"self":[{"href":"https:\/\/www.voxmed.com.br\/voxmed\/wp-json\/wp\/v2\/pages\/6566","targetHints":{"allow":["GET"]}}],"collection":[{"href":"https:\/\/www.voxmed.com.br\/voxmed\/wp-json\/wp\/v2\/pages"}],"about":[{"href":"https:\/\/www.voxmed.com.br\/voxmed\/wp-json\/wp\/v2\/types\/page"}],"author":[{"embeddable":true,"href":"https:\/\/www.voxmed.com.br\/voxmed\/wp-json\/wp\/v2\/users\/1"}],"replies":[{"embeddable":true,"href":"https:\/\/www.voxmed.com.br\/voxmed\/wp-json\/wp\/v2\/comments?post=6566"}],"version-history":[{"count":8,"href":"https:\/\/www.voxmed.com.br\/voxmed\/wp-json\/wp\/v2\/pages\/6566\/revisions"}],"predecessor-version":[{"id":6638,"href":"https:\/\/www.voxmed.com.br\/voxmed\/wp-json\/wp\/v2\/pages\/6566\/revisions\/6638"}],"wp:attachment":[{"href":"https:\/\/www.voxmed.com.br\/voxmed\/wp-json\/wp\/v2\/media?parent=6566"}],"curies":[{"name":"wp","href":"https:\/\/api.w.org\/{rel}","templated":true}]}}